{"id":499,"date":"2025-01-15T06:40:10","date_gmt":"2025-01-15T06:40:10","guid":{"rendered":"https:\/\/buy-super.com\/?page_id=499"},"modified":"2025-01-15T06:40:17","modified_gmt":"2025-01-15T06:40:17","slug":"termoconvettore-slovacchia-762-tp","status":"publish","type":"page","link":"https:\/\/buy-super.com\/index.php\/termoconvettore-slovacchia-762-tp\/","title":{"rendered":"Termoconvettore Slovacchia 762 TP"},"content":{"rendered":"\t\t<div data-elementor-type=\"wp-page\" data-elementor-id=\"499\" class=\"elementor elementor-499\" data-elementor-post-type=\"page\">\n\t\t\t\t\t\t<section class=\"elementor-section elementor-top-section elementor-element elementor-element-5bd26f17 elementor-section-boxed elementor-section-height-default elementor-section-height-default\" data-id=\"5bd26f17\" data-element_type=\"section\" data-e-type=\"section\">\n\t\t\t\t\t\t<div class=\"elementor-container elementor-column-gap-default\">\n\t\t\t\t\t<div class=\"elementor-column elementor-col-100 elementor-top-column elementor-element elementor-element-21053056\" data-id=\"21053056\" data-element_type=\"column\" data-e-type=\"column\">\n\t\t\t<div class=\"elementor-widget-wrap elementor-element-populated\">\n\t\t\t\t\t\t<div class=\"elementor-element elementor-element-13e9d6f0 elementor-widget elementor-widget-text-editor\" data-id=\"13e9d6f0\" data-element_type=\"widget\" data-e-type=\"widget\" data-widget_type=\"text-editor.default\">\n\t\t\t\t<div class=\"elementor-widget-container\">\n\t\t\t\t\t\t\t\t\t<h5><span style=\"color: #008000;\"><b>\u010eAKUJEME, VA\u0160A OBJEDN\u00c1VKA BOLA \u00daSPE\u0160NE ODOSLAN\u00c1.<\/b><\/span><\/h5>\t\t\t\t\t\t\t\t<\/div>\n\t\t\t\t<\/div>\n\t\t\t\t<div class=\"elementor-element elementor-element-3834ee2d elementor-widget elementor-widget-image\" data-id=\"3834ee2d\" data-element_type=\"widget\" data-e-type=\"widget\" data-widget_type=\"image.default\">\n\t\t\t\t<div class=\"elementor-widget-container\">\n\t\t\t\t\t\t\t\t\t\t\t\t\t\t\t<img decoding=\"async\" width=\"150\" height=\"150\" src=\"https:\/\/buy-super.com\/wp-content\/uploads\/2025\/01\/3678259-triangolo-attenzione-icona-segno-giallo-gratuito-vettoriale-min-150x150.jpg\" class=\"attachment-thumbnail size-thumbnail wp-image-501\" alt=\"\" srcset=\"https:\/\/buy-super.com\/wp-content\/uploads\/2025\/01\/3678259-triangolo-attenzione-icona-segno-giallo-gratuito-vettoriale-min-150x150.jpg 150w, https:\/\/buy-super.com\/wp-content\/uploads\/2025\/01\/3678259-triangolo-attenzione-icona-segno-giallo-gratuito-vettoriale-min-300x300.jpg 300w, https:\/\/buy-super.com\/wp-content\/uploads\/2025\/01\/3678259-triangolo-attenzione-icona-segno-giallo-gratuito-vettoriale-min-1024x1024.jpg 1024w, https:\/\/buy-super.com\/wp-content\/uploads\/2025\/01\/3678259-triangolo-attenzione-icona-segno-giallo-gratuito-vettoriale-min-768x768.jpg 768w, https:\/\/buy-super.com\/wp-content\/uploads\/2025\/01\/3678259-triangolo-attenzione-icona-segno-giallo-gratuito-vettoriale-min-1536x1536.jpg 1536w, https:\/\/buy-super.com\/wp-content\/uploads\/2025\/01\/3678259-triangolo-attenzione-icona-segno-giallo-gratuito-vettoriale-min.jpg 1920w\" sizes=\"(max-width: 150px) 100vw, 150px\" \/>\t\t\t\t\t\t\t\t\t\t\t\t\t\t\t<\/div>\n\t\t\t\t<\/div>\n\t\t\t\t<div class=\"elementor-element elementor-element-504b53b9 elementor-widget elementor-widget-text-editor\" data-id=\"504b53b9\" data-element_type=\"widget\" data-e-type=\"widget\" data-widget_type=\"text-editor.default\">\n\t\t\t\t<div class=\"elementor-widget-container\">\n\t\t\t\t\t\t\t\t\t<h5><span style=\"color: #ff0000;\"><span style=\"font-size: 28px;\"><b>VAROVANIE:<\/b><\/span><\/span><\/h5>\t\t\t\t\t\t\t\t<\/div>\n\t\t\t\t<\/div>\n\t\t\t\t<div class=\"elementor-element elementor-element-791807a3 elementor-widget elementor-widget-counter\" data-id=\"791807a3\" data-element_type=\"widget\" data-e-type=\"widget\" data-widget_type=\"counter.default\">\n\t\t\t\t<div class=\"elementor-widget-container\">\n\t\t\t\t\t\t\t<div class=\"elementor-counter\">\n\t\t\t<div class=\"elementor-counter-title\">ZOST\u00c1VAJ\u00daCE \u010cASTI<\/div>\t\t\t<div class=\"elementor-counter-number-wrapper\">\n\t\t\t\t<span class=\"elementor-counter-number-prefix\"><\/span>\n\t\t\t\t<span class=\"elementor-counter-number\" data-duration=\"2000\" data-to-value=\"5\" data-from-value=\"145\" data-delimiter=\",\">145<\/span>\n\t\t\t\t<span class=\"elementor-counter-number-suffix\"><\/span>\n\t\t\t<\/div>\n\t\t<\/div>\n\t\t\t\t\t\t<\/div>\n\t\t\t\t<\/div>\n\t\t\t\t<div class=\"elementor-element elementor-element-36985198 elementor-widget elementor-widget-text-editor\" data-id=\"36985198\" data-element_type=\"widget\" data-e-type=\"widget\" data-widget_type=\"text-editor.default\">\n\t\t\t\t<div class=\"elementor-widget-container\">\n\t\t\t\t\t\t\t\t\t<h4><font color=\"#ff0000\"><b>PO\u010cET KUSOV JE OBMEDZEN\u00dd, A AK NEZAREAGUJETE, RISKUJETE, \u017dE PR\u00cdDETE O PR\u00cdLE\u017dITOS\u0164.<\/b><\/font><\/h4>\n<h4><span style=\"font-size: 18px;\"><b>Do 60 MIN\u00daT v\u00e1s budeme kontaktova\u0165 telefonicky a cez Whatsapp, aby sme potvrdili objedn\u00e1vku a va\u0161e \u00fadaje a pomohli v\u00e1m, ak budete potrebova\u0165 \u010fal\u0161ie inform\u00e1cie.<\/b><\/span><\/h4>\n<h4><font color=\"#ff0000\"><span style=\"font-size: 18px;\"><b><u>Preto v\u00e1m odpor\u00fa\u010dame ma\u0165 po ruke mobiln\u00fd telef\u00f3n.<\/u><\/b><\/span><\/font><\/h4>\n<h4><span style=\"font-size: 20px;\"><b>Na\u0161e kancel\u00e1rie s\u00fa otvoren\u00e9 KA\u017dD\u00dd DE\u0147 od 8:00 do 21:00.<\/b><\/span><\/h4>\n<h4><span style=\"font-size: 20px;\">Ak je objedn\u00e1vka podan\u00e1 mimo pracovnej doby, budeme v\u00e1s kontaktova\u0165 nasleduj\u00faci de\u0148.<\/span><\/h4>\n<h4 style=\"text-align: center;\"><span style=\"font-size: 20px;\">\u010eakujeme, \u017ee ste si n\u00e1s vybrali \ud83d\ude42<\/span><br><\/h4>\t\t\t\t\t\t\t\t<\/div>\n\t\t\t\t<\/div>\n\t\t\t\t\t<\/div>\n\t\t<\/div>\n\t\t\t\t\t<\/div>\n\t\t<\/section>\n\t\t\t\t<\/div>\n\t\t","protected":false},"excerpt":{"rendered":"<p>\u010eAKUJEME, VA\u0160A OBJEDN\u00c1VKA BOLA \u00daSPE\u0160NE ODOSLAN\u00c1. VAROVANIE: ZOST\u00c1VAJ\u00daCE \u010cASTI 145 PO\u010cET KUSOV JE OBMEDZEN\u00dd, A AK NEZAREAGUJETE, RISKUJETE, \u017dE PR\u00cdDETE O PR\u00cdLE\u017dITOS\u0164. Do 60 MIN\u00daT v\u00e1s budeme kontaktova\u0165 telefonicky a cez Whatsapp, aby sme potvrdili objedn\u00e1vku a va\u0161e \u00fadaje a pomohli v\u00e1m, ak budete potrebova\u0165 \u010fal\u0161ie inform\u00e1cie. Preto v\u00e1m odpor\u00fa\u010dame ma\u0165 po ruke mobiln\u00fd telef\u00f3n. [&hellip;]<\/p>\n","protected":false},"author":3,"featured_media":0,"parent":0,"menu_order":0,"comment_status":"closed","ping_status":"closed","template":"elementor_canvas","meta":{"footnotes":""},"class_list":["post-499","page","type-page","status-publish","hentry"],"_links":{"self":[{"href":"https:\/\/buy-super.com\/index.php\/wp-json\/wp\/v2\/pages\/499","targetHints":{"allow":["GET"]}}],"collection":[{"href":"https:\/\/buy-super.com\/index.php\/wp-json\/wp\/v2\/pages"}],"about":[{"href":"https:\/\/buy-super.com\/index.php\/wp-json\/wp\/v2\/types\/page"}],"author":[{"embeddable":true,"href":"https:\/\/buy-super.com\/index.php\/wp-json\/wp\/v2\/users\/3"}],"replies":[{"embeddable":true,"href":"https:\/\/buy-super.com\/index.php\/wp-json\/wp\/v2\/comments?post=499"}],"version-history":[{"count":4,"href":"https:\/\/buy-super.com\/index.php\/wp-json\/wp\/v2\/pages\/499\/revisions"}],"predecessor-version":[{"id":507,"href":"https:\/\/buy-super.com\/index.php\/wp-json\/wp\/v2\/pages\/499\/revisions\/507"}],"wp:attachment":[{"href":"https:\/\/buy-super.com\/index.php\/wp-json\/wp\/v2\/media?parent=499"}],"curies":[{"name":"wp","href":"https:\/\/api.w.org\/{rel}","templated":true}]}}