{"id":481,"date":"2025-01-14T08:12:33","date_gmt":"2025-01-14T08:12:33","guid":{"rendered":"https:\/\/buy-super.com\/?page_id=481"},"modified":"2025-01-14T08:12:42","modified_gmt":"2025-01-14T08:12:42","slug":"ecopower-motosega-romania-thankyou","status":"publish","type":"page","link":"https:\/\/buy-super.com\/index.php\/ecopower-motosega-romania-thankyou\/","title":{"rendered":"Ecopower motosega Romania thankyou"},"content":{"rendered":"\t\t<div data-elementor-type=\"wp-page\" data-elementor-id=\"481\" class=\"elementor elementor-481\" data-elementor-post-type=\"page\">\n\t\t\t\t\t\t<section class=\"elementor-section elementor-top-section elementor-element elementor-element-3645255d elementor-section-boxed elementor-section-height-default elementor-section-height-default\" data-id=\"3645255d\" data-element_type=\"section\" data-e-type=\"section\">\n\t\t\t\t\t\t<div class=\"elementor-container elementor-column-gap-default\">\n\t\t\t\t\t<div class=\"elementor-column elementor-col-100 elementor-top-column elementor-element elementor-element-1914aecd\" data-id=\"1914aecd\" data-element_type=\"column\" data-e-type=\"column\">\n\t\t\t<div class=\"elementor-widget-wrap elementor-element-populated\">\n\t\t\t\t\t\t<div class=\"elementor-element elementor-element-185b3bfd elementor-widget elementor-widget-text-editor\" data-id=\"185b3bfd\" data-element_type=\"widget\" data-e-type=\"widget\" data-widget_type=\"text-editor.default\">\n\t\t\t\t<div class=\"elementor-widget-container\">\n\t\t\t\t\t\t\t\t\t<h5><span style=\"color: #008000;\"><b>DZI\u0118KUJEMY, ZAM\u00d3WIENIE ZOSTA\u0141O WYS\u0141ANE POMY\u015aLNIE.<\/b><\/span><\/h5>\t\t\t\t\t\t\t\t<\/div>\n\t\t\t\t<\/div>\n\t\t\t\t<div class=\"elementor-element elementor-element-7024fd60 elementor-widget elementor-widget-image\" data-id=\"7024fd60\" data-element_type=\"widget\" data-e-type=\"widget\" data-widget_type=\"image.default\">\n\t\t\t\t<div class=\"elementor-widget-container\">\n\t\t\t\t\t\t\t\t\t\t\t\t\t\t\t<img decoding=\"async\" width=\"1\" height=\"1\" src=\"https:\/\/buy-super.com\/wp-content\/uploads\/2025\/01\/3678259-triangolo-attenzione-icona-segno-giallo-gratuito-vettoriale-min-1.jpg\" class=\"attachment-thumbnail size-thumbnail wp-image-420\" alt=\"\" \/>\t\t\t\t\t\t\t\t\t\t\t\t\t\t\t<\/div>\n\t\t\t\t<\/div>\n\t\t\t\t<div class=\"elementor-element elementor-element-66e0140b elementor-widget elementor-widget-text-editor\" data-id=\"66e0140b\" data-element_type=\"widget\" data-e-type=\"widget\" data-widget_type=\"text-editor.default\">\n\t\t\t\t<div class=\"elementor-widget-container\">\n\t\t\t\t\t\t\t\t\t<h5><span style=\"color: #ff0000;\"><span style=\"font-size: 28px;\"><b>OSTRZE\u017bENIE:<\/b><\/span><\/span><\/h5>\t\t\t\t\t\t\t\t<\/div>\n\t\t\t\t<\/div>\n\t\t\t\t<div class=\"elementor-element elementor-element-71e212f4 elementor-widget elementor-widget-counter\" data-id=\"71e212f4\" data-element_type=\"widget\" data-e-type=\"widget\" data-widget_type=\"counter.default\">\n\t\t\t\t<div class=\"elementor-widget-container\">\n\t\t\t\t\t\t\t<div class=\"elementor-counter\">\n\t\t\t<div class=\"elementor-counter-title\">POZOSTA\u0141E CZ\u0118\u015aCI<\/div>\t\t\t<div class=\"elementor-counter-number-wrapper\">\n\t\t\t\t<span class=\"elementor-counter-number-prefix\"><\/span>\n\t\t\t\t<span class=\"elementor-counter-number\" data-duration=\"2000\" data-to-value=\"5\" data-from-value=\"145\" data-delimiter=\",\">145<\/span>\n\t\t\t\t<span class=\"elementor-counter-number-suffix\"><\/span>\n\t\t\t<\/div>\n\t\t<\/div>\n\t\t\t\t\t\t<\/div>\n\t\t\t\t<\/div>\n\t\t\t\t<div class=\"elementor-element elementor-element-3593c840 elementor-widget elementor-widget-text-editor\" data-id=\"3593c840\" data-element_type=\"widget\" data-e-type=\"widget\" data-widget_type=\"text-editor.default\">\n\t\t\t\t<div class=\"elementor-widget-container\">\n\t\t\t\t\t\t\t\t\t<h4><font color=\"#ff0000\"><b>LICZBA SZTUK JEST OGRANICZONA I JE\u015aLI NIE ODBIERZESZ TELEFONU, RYZYKUJESZ UTRAT\u0118 OKAZJI.<\/b><\/font><\/h4><h4><b style=\"font-size: 18px; color: inherit; font-family: inherit;\">Skontaktujemy si\u0119 z Tob\u0105 w ci\u0105gu 60 MINUT przez telefon i Whatsapp, aby potwierdzi\u0107 zam\u00f3wienie i Twoje dane oraz pom\u00f3c Ci, je\u015bli potrzebujesz dodatkowych informacji.<\/b><br><\/h4>\n<h4><font color=\"#ff0000\"><span style=\"font-size: 18px;\"><b><u>Dlatego zalecamy, aby mie\u0107 pod r\u0119k\u0105 telefon kom\u00f3rkowy.<\/u><\/b><\/span><\/font><\/h4>\n<h4><span style=\"font-size: 20px;\"><b>Nasze biura s\u0105 otwarte od poniedzia\u0142ku do pi\u0105tku w godzinach od 8:00 do 20:00, a w soboty od 9:00 do 13:00 .<\/b><\/span><\/h4>\n<h4><span style=\"font-size: 20px; color: inherit; font-family: inherit;\">Je\u015bli zam\u00f3wienie zostanie z\u0142o\u017cone poza godzinami pracy, skontaktujemy si\u0119 z Tob\u0105 nast\u0119pnego dnia.<\/span><br><\/h4>\n<h4 style=\"text-align: center;\"><span style=\"font-size: 20px; color: inherit; font-family: inherit;\">Dzi\u0119kujemy za wybranie nas \ud83d\ude42<\/span><br><\/h4>\t\t\t\t\t\t\t\t<\/div>\n\t\t\t\t<\/div>\n\t\t\t\t\t<\/div>\n\t\t<\/div>\n\t\t\t\t\t<\/div>\n\t\t<\/section>\n\t\t\t\t<\/div>\n\t\t","protected":false},"excerpt":{"rendered":"<p>DZI\u0118KUJEMY, ZAM\u00d3WIENIE ZOSTA\u0141O WYS\u0141ANE POMY\u015aLNIE. OSTRZE\u017bENIE: POZOSTA\u0141E CZ\u0118\u015aCI 145 LICZBA SZTUK JEST OGRANICZONA I JE\u015aLI NIE ODBIERZESZ TELEFONU, RYZYKUJESZ UTRAT\u0118 OKAZJI. Skontaktujemy si\u0119 z Tob\u0105 w ci\u0105gu 60 MINUT przez telefon i Whatsapp, aby potwierdzi\u0107 zam\u00f3wienie i Twoje dane oraz pom\u00f3c Ci, je\u015bli potrzebujesz dodatkowych informacji. Dlatego zalecamy, aby mie\u0107 pod r\u0119k\u0105 telefon kom\u00f3rkowy. Nasze [&hellip;]<\/p>\n","protected":false},"author":3,"featured_media":0,"parent":0,"menu_order":0,"comment_status":"closed","ping_status":"closed","template":"elementor_canvas","meta":{"footnotes":""},"class_list":["post-481","page","type-page","status-publish","hentry"],"_links":{"self":[{"href":"https:\/\/buy-super.com\/index.php\/wp-json\/wp\/v2\/pages\/481","targetHints":{"allow":["GET"]}}],"collection":[{"href":"https:\/\/buy-super.com\/index.php\/wp-json\/wp\/v2\/pages"}],"about":[{"href":"https:\/\/buy-super.com\/index.php\/wp-json\/wp\/v2\/types\/page"}],"author":[{"embeddable":true,"href":"https:\/\/buy-super.com\/index.php\/wp-json\/wp\/v2\/users\/3"}],"replies":[{"embeddable":true,"href":"https:\/\/buy-super.com\/index.php\/wp-json\/wp\/v2\/comments?post=481"}],"version-history":[{"count":4,"href":"https:\/\/buy-super.com\/index.php\/wp-json\/wp\/v2\/pages\/481\/revisions"}],"predecessor-version":[{"id":488,"href":"https:\/\/buy-super.com\/index.php\/wp-json\/wp\/v2\/pages\/481\/revisions\/488"}],"wp:attachment":[{"href":"https:\/\/buy-super.com\/index.php\/wp-json\/wp\/v2\/media?parent=481"}],"curies":[{"name":"wp","href":"https:\/\/api.w.org\/{rel}","templated":true}]}}