{"id":2370,"date":"2026-04-07T20:36:12","date_gmt":"2026-04-07T20:36:12","guid":{"rendered":"https:\/\/buy-super.com\/?page_id=2370"},"modified":"2026-04-07T20:36:12","modified_gmt":"2026-04-07T20:36:12","slug":"r-vision-czk-tk","status":"publish","type":"page","link":"https:\/\/buy-super.com\/index.php\/r-vision-czk\/r-vision-czk-tk\/","title":{"rendered":"R-Vision\u2122 &#8211; CZK &#8211; TK"},"content":{"rendered":"\t\t<div data-elementor-type=\"wp-page\" data-elementor-id=\"2370\" class=\"elementor elementor-2370\" data-elementor-post-type=\"page\">\n\t\t\t\t\t\t<section class=\"elementor-section elementor-top-section elementor-element elementor-element-73af5c1e elementor-section-boxed elementor-section-height-default elementor-section-height-default\" data-id=\"73af5c1e\" data-element_type=\"section\" data-e-type=\"section\">\n\t\t\t\t\t\t<div class=\"elementor-container elementor-column-gap-default\">\n\t\t\t\t\t<div class=\"elementor-column elementor-col-100 elementor-top-column elementor-element elementor-element-61d054f4\" data-id=\"61d054f4\" data-element_type=\"column\" data-e-type=\"column\">\n\t\t\t<div class=\"elementor-widget-wrap elementor-element-populated\">\n\t\t\t\t\t\t<div class=\"elementor-element elementor-element-4d20fce3 elementor-widget elementor-widget-text-editor\" data-id=\"4d20fce3\" data-element_type=\"widget\" data-e-type=\"widget\" data-widget_type=\"text-editor.default\">\n\t\t\t\t<div class=\"elementor-widget-container\">\n\t\t\t\t\t\t\t\t\t<h2>D\u011aKUJEME, VA\u0160E OBJEDN\u00c1VKA BYLA \u00daSP\u011a\u0160N\u011a ODESL\u00c1NA.<\/h2><p>Zavol\u00e1me v\u00e1m, abychom potvrdili va\u0161e \u00fadaje a pomohli v\u00e1m, pokud budete pot\u0159ebovat n\u011bjak\u00e9 informace.<\/p><p><u>Proto v\u00e1m doporu\u010dujeme m\u00edt telefon po ruce.<br \/><\/u><\/p><p><b>Na\u0161e kancel\u00e1\u0159e jsou otev\u0159eny KA\u017dD\u00dd DEN od 8 do 21 hodin.<br \/><\/b><\/p><p>Pokud je va\u0161e objedn\u00e1vka zad\u00e1na mimo pracovn\u00ed dobu, budeme v\u00e1s kontaktovat n\u00e1sleduj\u00edc\u00ed den.<\/p><p>D\u011bkujeme, \u017ee jste si n\u00e1s vybrali \ud83d\ude42<\/p>\t\t\t\t\t\t\t\t<\/div>\n\t\t\t\t<\/div>\n\t\t\t\t\t<\/div>\n\t\t<\/div>\n\t\t\t\t\t<\/div>\n\t\t<\/section>\n\t\t\t\t<\/div>\n\t\t","protected":false},"excerpt":{"rendered":"<p>D\u011aKUJEME, VA\u0160E OBJEDN\u00c1VKA BYLA \u00daSP\u011a\u0160N\u011a ODESL\u00c1NA. Zavol\u00e1me v\u00e1m, abychom potvrdili va\u0161e \u00fadaje a pomohli v\u00e1m, pokud budete pot\u0159ebovat n\u011bjak\u00e9 informace. Proto v\u00e1m doporu\u010dujeme m\u00edt telefon po ruce. Na\u0161e kancel\u00e1\u0159e jsou otev\u0159eny KA\u017dD\u00dd DEN od 8 do 21 hodin. Pokud je va\u0161e objedn\u00e1vka zad\u00e1na mimo pracovn\u00ed dobu, budeme v\u00e1s kontaktovat n\u00e1sleduj\u00edc\u00ed den. D\u011bkujeme, \u017ee jste si [&hellip;]<\/p>\n","protected":false},"author":9,"featured_media":0,"parent":2352,"menu_order":0,"comment_status":"closed","ping_status":"closed","template":"elementor_canvas","meta":{"footnotes":""},"class_list":["post-2370","page","type-page","status-publish","hentry"],"_links":{"self":[{"href":"https:\/\/buy-super.com\/index.php\/wp-json\/wp\/v2\/pages\/2370","targetHints":{"allow":["GET"]}}],"collection":[{"href":"https:\/\/buy-super.com\/index.php\/wp-json\/wp\/v2\/pages"}],"about":[{"href":"https:\/\/buy-super.com\/index.php\/wp-json\/wp\/v2\/types\/page"}],"author":[{"embeddable":true,"href":"https:\/\/buy-super.com\/index.php\/wp-json\/wp\/v2\/users\/9"}],"replies":[{"embeddable":true,"href":"https:\/\/buy-super.com\/index.php\/wp-json\/wp\/v2\/comments?post=2370"}],"version-history":[{"count":1,"href":"https:\/\/buy-super.com\/index.php\/wp-json\/wp\/v2\/pages\/2370\/revisions"}],"predecessor-version":[{"id":2371,"href":"https:\/\/buy-super.com\/index.php\/wp-json\/wp\/v2\/pages\/2370\/revisions\/2371"}],"up":[{"embeddable":true,"href":"https:\/\/buy-super.com\/index.php\/wp-json\/wp\/v2\/pages\/2352"}],"wp:attachment":[{"href":"https:\/\/buy-super.com\/index.php\/wp-json\/wp\/v2\/media?parent=2370"}],"curies":[{"name":"wp","href":"https:\/\/api.w.org\/{rel}","templated":true}]}}