{"id":2325,"date":"2026-03-30T17:50:13","date_gmt":"2026-03-30T17:50:13","guid":{"rendered":"https:\/\/buy-super.com\/?page_id=2325"},"modified":"2026-03-30T17:50:13","modified_gmt":"2026-03-30T17:50:13","slug":"pintorpro-2-0-lt-tk","status":"publish","type":"page","link":"https:\/\/buy-super.com\/index.php\/pintorpro-2-0-lt\/pintorpro-2-0-lt-tk\/","title":{"rendered":"PintorPro\u00ae 2.0 &#8211; LT &#8211; TK"},"content":{"rendered":"\t\t<div data-elementor-type=\"wp-page\" data-elementor-id=\"2325\" class=\"elementor elementor-2325\" data-elementor-post-type=\"page\">\n\t\t\t\t<div class=\"elementor-element elementor-element-4e88b588 e-flex e-con-boxed e-con e-parent\" data-id=\"4e88b588\" data-element_type=\"container\" data-e-type=\"container\">\n\t\t\t\t\t<div class=\"e-con-inner\">\n\t\t\t\t<div class=\"elementor-element elementor-element-7f013591 elementor-widget elementor-widget-heading\" data-id=\"7f013591\" data-element_type=\"widget\" data-e-type=\"widget\" data-widget_type=\"heading.default\">\n\t\t\t\t<div class=\"elementor-widget-container\">\n\t\t\t\t\t<h2 class=\"elementor-heading-title elementor-size-default\">A\u010cI\u016a, J\u016aS\u0172 U\u017dSAKYMAS BUVO S\u0116KMINGAI I\u0160SI\u0172STAS.<\/h2>\t\t\t\t<\/div>\n\t\t\t\t<\/div>\n\t\t\t\t\t<\/div>\n\t\t\t\t<\/div>\n\t\t<div class=\"elementor-element elementor-element-63748b e-flex e-con-boxed e-con e-parent\" data-id=\"63748b\" data-element_type=\"container\" data-e-type=\"container\">\n\t\t\t\t\t<div class=\"e-con-inner\">\n\t\t\t\t<div class=\"elementor-element elementor-element-3501856f elementor-widget elementor-widget-image\" data-id=\"3501856f\" data-element_type=\"widget\" data-e-type=\"widget\" data-widget_type=\"image.default\">\n\t\t\t\t<div class=\"elementor-widget-container\">\n\t\t\t\t\t\t\t\t\t\t\t\t\t\t\t<img decoding=\"async\" width=\"150\" height=\"150\" src=\"https:\/\/buy-super.com\/wp-content\/uploads\/2026\/02\/3678259-triangolo-attenzione-icona-segno-giallo-gratuito-vettoriale-min-2-150x150.jpg\" class=\"attachment-thumbnail size-thumbnail wp-image-1516\" alt=\"\" srcset=\"https:\/\/buy-super.com\/wp-content\/uploads\/2026\/02\/3678259-triangolo-attenzione-icona-segno-giallo-gratuito-vettoriale-min-2-150x150.jpg 150w, https:\/\/buy-super.com\/wp-content\/uploads\/2026\/02\/3678259-triangolo-attenzione-icona-segno-giallo-gratuito-vettoriale-min-2-300x300.jpg 300w, https:\/\/buy-super.com\/wp-content\/uploads\/2026\/02\/3678259-triangolo-attenzione-icona-segno-giallo-gratuito-vettoriale-min-2-1024x1024.jpg 1024w, https:\/\/buy-super.com\/wp-content\/uploads\/2026\/02\/3678259-triangolo-attenzione-icona-segno-giallo-gratuito-vettoriale-min-2-768x768.jpg 768w, https:\/\/buy-super.com\/wp-content\/uploads\/2026\/02\/3678259-triangolo-attenzione-icona-segno-giallo-gratuito-vettoriale-min-2-1536x1536.jpg 1536w, https:\/\/buy-super.com\/wp-content\/uploads\/2026\/02\/3678259-triangolo-attenzione-icona-segno-giallo-gratuito-vettoriale-min-2.jpg 1920w\" sizes=\"(max-width: 150px) 100vw, 150px\" \/>\t\t\t\t\t\t\t\t\t\t\t\t\t\t\t<\/div>\n\t\t\t\t<\/div>\n\t\t\t\t\t<\/div>\n\t\t\t\t<\/div>\n\t\t<div class=\"elementor-element elementor-element-23e38d70 e-flex e-con-boxed e-con e-parent\" data-id=\"23e38d70\" data-element_type=\"container\" data-e-type=\"container\">\n\t\t\t\t\t<div class=\"e-con-inner\">\n\t\t\t\t<div class=\"elementor-element elementor-element-e3cc5c8 elementor-widget elementor-widget-text-editor\" data-id=\"e3cc5c8\" data-element_type=\"widget\" data-e-type=\"widget\" data-widget_type=\"text-editor.default\">\n\t\t\t\t<div class=\"elementor-widget-container\">\n\t\t\t\t\t\t\t\t\t<h5><span style=\"color: #ff0000;\"><span style=\"font-size: 28px;\"><b>\u012eSP\u0116JIMAS:<\/b><\/span><\/span><\/h5>\t\t\t\t\t\t\t\t<\/div>\n\t\t\t\t<\/div>\n\t\t\t\t\t<\/div>\n\t\t\t\t<\/div>\n\t\t<div class=\"elementor-element elementor-element-ffce22e e-flex e-con-boxed e-con e-parent\" data-id=\"ffce22e\" data-element_type=\"container\" data-e-type=\"container\">\n\t\t\t\t\t<div class=\"e-con-inner\">\n\t\t\t\t<div class=\"elementor-element elementor-element-661ca692 elementor-widget elementor-widget-counter\" data-id=\"661ca692\" data-element_type=\"widget\" data-e-type=\"widget\" data-widget_type=\"counter.default\">\n\t\t\t\t<div class=\"elementor-widget-container\">\n\t\t\t\t\t\t\t<div class=\"elementor-counter\">\n\t\t\t<div class=\"elementor-counter-title\">LIK\u0118 SAND\u0116LYJE VIENET\u0172<\/div>\t\t\t<div class=\"elementor-counter-number-wrapper\">\n\t\t\t\t<span class=\"elementor-counter-number-prefix\"><\/span>\n\t\t\t\t<span class=\"elementor-counter-number\" data-duration=\"2000\" data-to-value=\"5\" data-from-value=\"145\" data-delimiter=\",\">145<\/span>\n\t\t\t\t<span class=\"elementor-counter-number-suffix\"><\/span>\n\t\t\t<\/div>\n\t\t<\/div>\n\t\t\t\t\t\t<\/div>\n\t\t\t\t<\/div>\n\t\t\t\t\t<\/div>\n\t\t\t\t<\/div>\n\t\t<div class=\"elementor-element elementor-element-13e2772 e-flex e-con-boxed e-con e-parent\" data-id=\"13e2772\" data-element_type=\"container\" data-e-type=\"container\">\n\t\t\t\t\t<div class=\"e-con-inner\">\n\t\t\t\t<div class=\"elementor-element elementor-element-470eaad4 elementor-widget elementor-widget-text-editor\" data-id=\"470eaad4\" data-element_type=\"widget\" data-e-type=\"widget\" data-widget_type=\"text-editor.default\">\n\t\t\t\t<div class=\"elementor-widget-container\">\n\t\t\t\t\t\t\t\t\t<h4><span style=\"color: #ff0000;\"><b>VIENET\u0172 SKAI\u010cIUS YRA RIBOTAS IR, JEI NEATSILIEPSITE, RIZIKUOJATE PRARASTI GALIMYB\u0118.<\/b><\/span><\/h4><h4><span style=\"font-size: 18px;\"><b>Susisieksime su jumis per <span style=\"color: #ff0000;\">60 MINU\u010cI\u0172<\/span> telefonu ir &#8220;Whatsapp&#8221;, kad patvirtintume u\u017esakym\u0105 ir j\u016bs\u0173 duomenis bei pad\u0117tume jums, jei prireikt\u0173 papildomos informacijos.<\/b><\/span><\/h4><h4><span style=\"color: #ff0000;\"><span style=\"font-size: 18px;\"><b><u>Tod\u0117l rekomenduojame po ranka tur\u0117ti mobil\u0173j\u012f telefon\u0105.<\/u><\/b><\/span><\/span><\/h4><h4><span style=\"font-size: 20px;\"><b>M\u016bs\u0173 biurai dirba KIEKVIEN\u0104 DIEN\u0104 nuo 8 iki 21 val.<\/b><\/span><\/h4><h4><span style=\"font-size: 20px;\">Jei u\u017esakymas pateikiamas ne darbo valandomis, su jumis bus susisiekta kit\u0105 dien\u0105.<\/span><\/h4><h4 style=\"text-align: center;\"><span style=\"font-size: 20px;\">D\u0117kojame, kad pasirinkote mus \ud83d\ude42<\/span><\/h4>\t\t\t\t\t\t\t\t<\/div>\n\t\t\t\t<\/div>\n\t\t\t\t\t<\/div>\n\t\t\t\t<\/div>\n\t\t\t\t<\/div>\n\t\t","protected":false},"excerpt":{"rendered":"<p>A\u010cI\u016a, J\u016aS\u0172 U\u017dSAKYMAS BUVO S\u0116KMINGAI I\u0160SI\u0172STAS. \u012eSP\u0116JIMAS: LIK\u0118 SAND\u0116LYJE VIENET\u0172 145 VIENET\u0172 SKAI\u010cIUS YRA RIBOTAS IR, JEI NEATSILIEPSITE, RIZIKUOJATE PRARASTI GALIMYB\u0118. Susisieksime su jumis per 60 MINU\u010cI\u0172 telefonu ir &#8220;Whatsapp&#8221;, kad patvirtintume u\u017esakym\u0105 ir j\u016bs\u0173 duomenis bei pad\u0117tume jums, jei prireikt\u0173 papildomos informacijos. Tod\u0117l rekomenduojame po ranka tur\u0117ti mobil\u0173j\u012f telefon\u0105. M\u016bs\u0173 biurai dirba KIEKVIEN\u0104 DIEN\u0104 [&hellip;]<\/p>\n","protected":false},"author":9,"featured_media":0,"parent":2300,"menu_order":0,"comment_status":"closed","ping_status":"closed","template":"elementor_canvas","meta":{"footnotes":""},"class_list":["post-2325","page","type-page","status-publish","hentry"],"_links":{"self":[{"href":"https:\/\/buy-super.com\/index.php\/wp-json\/wp\/v2\/pages\/2325","targetHints":{"allow":["GET"]}}],"collection":[{"href":"https:\/\/buy-super.com\/index.php\/wp-json\/wp\/v2\/pages"}],"about":[{"href":"https:\/\/buy-super.com\/index.php\/wp-json\/wp\/v2\/types\/page"}],"author":[{"embeddable":true,"href":"https:\/\/buy-super.com\/index.php\/wp-json\/wp\/v2\/users\/9"}],"replies":[{"embeddable":true,"href":"https:\/\/buy-super.com\/index.php\/wp-json\/wp\/v2\/comments?post=2325"}],"version-history":[{"count":1,"href":"https:\/\/buy-super.com\/index.php\/wp-json\/wp\/v2\/pages\/2325\/revisions"}],"predecessor-version":[{"id":2326,"href":"https:\/\/buy-super.com\/index.php\/wp-json\/wp\/v2\/pages\/2325\/revisions\/2326"}],"up":[{"embeddable":true,"href":"https:\/\/buy-super.com\/index.php\/wp-json\/wp\/v2\/pages\/2300"}],"wp:attachment":[{"href":"https:\/\/buy-super.com\/index.php\/wp-json\/wp\/v2\/media?parent=2325"}],"curies":[{"name":"wp","href":"https:\/\/api.w.org\/{rel}","templated":true}]}}