{"id":1959,"date":"2026-03-20T07:32:39","date_gmt":"2026-03-20T07:32:39","guid":{"rendered":"https:\/\/buy-super.com\/?page_id=1959"},"modified":"2026-03-20T07:32:39","modified_gmt":"2026-03-20T07:32:39","slug":"ultradrill-max-lv-tk","status":"publish","type":"page","link":"https:\/\/buy-super.com\/index.php\/ultradrill-max-lv\/ultradrill-max-lv-tk\/","title":{"rendered":"UltraDrill Max\u2122 &#8211; LV &#8211; TK"},"content":{"rendered":"\t\t<div data-elementor-type=\"wp-page\" data-elementor-id=\"1959\" class=\"elementor elementor-1959\" data-elementor-post-type=\"page\">\n\t\t\t\t<div class=\"elementor-element elementor-element-10f89add e-flex e-con-boxed e-con e-parent\" data-id=\"10f89add\" data-element_type=\"container\" data-e-type=\"container\">\n\t\t\t\t\t<div class=\"e-con-inner\">\n\t\t\t\t<div class=\"elementor-element elementor-element-3e542f8a elementor-widget elementor-widget-heading\" data-id=\"3e542f8a\" data-element_type=\"widget\" data-e-type=\"widget\" data-widget_type=\"heading.default\">\n\t\t\t\t<div class=\"elementor-widget-container\">\n\t\t\t\t\t<h2 class=\"elementor-heading-title elementor-size-default\">PALDIES, J\u016aSU PAS\u016aT\u012aJUMS VEIKSM\u012aGI NOS\u016aT\u012aTS<\/h2>\t\t\t\t<\/div>\n\t\t\t\t<\/div>\n\t\t\t\t\t<\/div>\n\t\t\t\t<\/div>\n\t\t<div class=\"elementor-element elementor-element-1f7e2e79 e-flex e-con-boxed e-con e-parent\" data-id=\"1f7e2e79\" data-element_type=\"container\" data-e-type=\"container\">\n\t\t\t\t\t<div class=\"e-con-inner\">\n\t\t\t\t<div class=\"elementor-element elementor-element-60997e3a elementor-widget elementor-widget-image\" data-id=\"60997e3a\" data-element_type=\"widget\" data-e-type=\"widget\" data-widget_type=\"image.default\">\n\t\t\t\t<div class=\"elementor-widget-container\">\n\t\t\t\t\t\t\t\t\t\t\t\t\t\t\t<img decoding=\"async\" width=\"150\" height=\"150\" src=\"https:\/\/buy-super.com\/wp-content\/uploads\/2026\/03\/3678259-triangolo-attenzione-icona-segno-giallo-gratuito-vettoriale-min-2-1-150x150.jpg\" class=\"attachment-thumbnail size-thumbnail wp-image-1915\" alt=\"\" srcset=\"https:\/\/buy-super.com\/wp-content\/uploads\/2026\/03\/3678259-triangolo-attenzione-icona-segno-giallo-gratuito-vettoriale-min-2-1-150x150.jpg 150w, https:\/\/buy-super.com\/wp-content\/uploads\/2026\/03\/3678259-triangolo-attenzione-icona-segno-giallo-gratuito-vettoriale-min-2-1-300x300.jpg 300w, https:\/\/buy-super.com\/wp-content\/uploads\/2026\/03\/3678259-triangolo-attenzione-icona-segno-giallo-gratuito-vettoriale-min-2-1-1024x1024.jpg 1024w, https:\/\/buy-super.com\/wp-content\/uploads\/2026\/03\/3678259-triangolo-attenzione-icona-segno-giallo-gratuito-vettoriale-min-2-1-768x768.jpg 768w, https:\/\/buy-super.com\/wp-content\/uploads\/2026\/03\/3678259-triangolo-attenzione-icona-segno-giallo-gratuito-vettoriale-min-2-1-1536x1536.jpg 1536w, https:\/\/buy-super.com\/wp-content\/uploads\/2026\/03\/3678259-triangolo-attenzione-icona-segno-giallo-gratuito-vettoriale-min-2-1.jpg 1920w\" sizes=\"(max-width: 150px) 100vw, 150px\" \/>\t\t\t\t\t\t\t\t\t\t\t\t\t\t\t<\/div>\n\t\t\t\t<\/div>\n\t\t\t\t\t<\/div>\n\t\t\t\t<\/div>\n\t\t<div class=\"elementor-element elementor-element-3c4e1c9c e-flex e-con-boxed e-con e-parent\" data-id=\"3c4e1c9c\" data-element_type=\"container\" data-e-type=\"container\">\n\t\t\t\t\t<div class=\"e-con-inner\">\n\t\t\t\t<div class=\"elementor-element elementor-element-41c717e5 elementor-widget elementor-widget-text-editor\" data-id=\"41c717e5\" data-element_type=\"widget\" data-e-type=\"widget\" data-widget_type=\"text-editor.default\">\n\t\t\t\t<div class=\"elementor-widget-container\">\n\t\t\t\t\t\t\t\t\t<h3><strong>BR\u012aDIN\u0100JUMS:<\/strong><\/h3>\t\t\t\t\t\t\t\t<\/div>\n\t\t\t\t<\/div>\n\t\t\t\t\t<\/div>\n\t\t\t\t<\/div>\n\t\t<div class=\"elementor-element elementor-element-733f87c6 e-flex e-con-boxed e-con e-parent\" data-id=\"733f87c6\" data-element_type=\"container\" data-e-type=\"container\">\n\t\t\t\t\t<div class=\"e-con-inner\">\n\t\t\t\t<div class=\"elementor-element elementor-element-69fe4add elementor-widget elementor-widget-counter\" data-id=\"69fe4add\" data-element_type=\"widget\" data-e-type=\"widget\" data-widget_type=\"counter.default\">\n\t\t\t\t<div class=\"elementor-widget-container\">\n\t\t\t\t\t\t\t<div class=\"elementor-counter\">\n\t\t\t<div class=\"elementor-counter-title\">ATLIKUS\u012aS GUDR\u0100S VIEN\u012aBAS NOLIKTAV\u0100<\/div>\t\t\t<div class=\"elementor-counter-number-wrapper\">\n\t\t\t\t<span class=\"elementor-counter-number-prefix\"><\/span>\n\t\t\t\t<span class=\"elementor-counter-number\" data-duration=\"2000\" data-to-value=\"5\" data-from-value=\"145\" data-delimiter=\",\">145<\/span>\n\t\t\t\t<span class=\"elementor-counter-number-suffix\"><\/span>\n\t\t\t<\/div>\n\t\t<\/div>\n\t\t\t\t\t\t<\/div>\n\t\t\t\t<\/div>\n\t\t\t\t\t<\/div>\n\t\t\t\t<\/div>\n\t\t<div class=\"elementor-element elementor-element-b07bdec e-flex e-con-boxed e-con e-parent\" data-id=\"b07bdec\" data-element_type=\"container\" data-e-type=\"container\">\n\t\t\t\t\t<div class=\"e-con-inner\">\n\t\t\t\t<div class=\"elementor-element elementor-element-6ab5b77b elementor-widget elementor-widget-text-editor\" data-id=\"6ab5b77b\" data-element_type=\"widget\" data-e-type=\"widget\" data-widget_type=\"text-editor.default\">\n\t\t\t\t<div class=\"elementor-widget-container\">\n\t\t\t\t\t\t\t\t\t<h4><span style=\"color: #ff0000;\"><strong>VIEN\u012aBU SKAITS IR IEROBE\u017dOTS, UN, JA NEREA\u0122\u0112SIET, RISK\u0112JAT ZAUD\u0112T IESP\u0112JU.<\/strong><\/span><\/h4><h4>M\u0113s ar jums <strong data-start=\"12\" data-end=\"44\">sazin\u0101simies 60 MIN\u016a\u0160U laik\u0101<\/strong> pa telefonu un <strong data-start=\"60\" data-end=\"72\">WhatsApp<\/strong>, lai <strong data-start=\"78\" data-end=\"119\">apstiprin\u0101tu pas\u016bt\u012bjumu un j\u016bsu datus<\/strong>, k\u0101 ar\u012b <strong data-start=\"128\" data-end=\"183\">pal\u012bdz\u0113tu, ja b\u016btu nepiecie\u0161ama papildu inform\u0101cija<\/strong>.<\/h4><div class=\"flex flex-col text-sm pb-25\"><article class=\"text-token-text-primary w-full focus:outline-none [--shadow-height:45px] has-data-writing-block:pointer-events-none has-data-writing-block:-mt-(--shadow-height) has-data-writing-block:pt-(--shadow-height) [&amp;:has([data-writing-block])&gt;*]:pointer-events-auto scroll-mt-[calc(var(--header-height)+min(200px,max(70px,20svh)))]\" dir=\"auto\" tabindex=\"-1\" data-turn-id=\"request-WEB:30604841-727c-4d81-ba36-1af5f16b906d-71\" data-testid=\"conversation-turn-144\" data-scroll-anchor=\"true\" data-turn=\"assistant\"><div class=\"text-base my-auto mx-auto pb-10 [--thread-content-margin:var(--thread-content-margin-xs,calc(var(--spacing)*4))] @w-sm\/main:[--thread-content-margin:var(--thread-content-margin-sm,calc(var(--spacing)*6))] @w-lg\/main:[--thread-content-margin:var(--thread-content-margin-lg,calc(var(--spacing)*16))] px-(--thread-content-margin)\"><div class=\"[--thread-content-max-width:40rem] @w-lg\/main:[--thread-content-max-width:48rem] mx-auto max-w-(--thread-content-max-width) flex-1 group\/turn-messages focus-visible:outline-hidden relative flex w-full min-w-0 flex-col agent-turn\" tabindex=\"-1\"><div class=\"flex max-w-full flex-col gap-4 grow\"><div class=\"min-h-8 text-message relative flex w-full flex-col items-end gap-2 text-start break-words whitespace-normal [.text-message+&amp;]:mt-1\" dir=\"auto\" data-message-author-role=\"assistant\" data-message-id=\"79d3c35f-9857-4f8f-80d7-3768ab5664df\" data-message-model-slug=\"gpt-5-mini\"><div class=\"flex w-full flex-col gap-1 empty:hidden\"><div class=\"markdown prose dark:prose-invert w-full wrap-break-word dark markdown-new-styling\"><p data-start=\"0\" data-end=\"56\" data-is-last-node=\"\" data-is-only-node=\"\"><strong><span style=\"text-decoration: underline;\"><span style=\"color: #ff0000; text-decoration: underline;\">T\u0101p\u0113c m\u0113s iesak\u0101m tur\u0113t mobil\u0101 t\u0101lru\u0146a rokas tuvum\u0101.<\/span><\/span><\/strong><\/p><\/div><\/div><\/div><\/div><div class=\"z-0 flex min-h-[46px] justify-start\"><span style=\"color: #000000;\"><strong>M\u016bsu biroji str\u0101d\u0101 IK DIENU no 8:00 l\u012bdz 21:00.<\/strong><\/span><\/div><\/div><\/div><\/article><\/div><h4>Ja pas\u016bt\u012bjums tiek veikts \u0101rpus darba laika, ar jums sazin\u0101sies n\u0101kamaj\u0101 dien\u0101.<\/h4><h4 style=\"text-align: center;\">Paldies, ka izv\u0113l\u0113j\u0101ties m\u016bs \ud83d\ude42<\/h4>\t\t\t\t\t\t\t\t<\/div>\n\t\t\t\t<\/div>\n\t\t\t\t\t<\/div>\n\t\t\t\t<\/div>\n\t\t\t\t<\/div>\n\t\t","protected":false},"excerpt":{"rendered":"<p>PALDIES, J\u016aSU PAS\u016aT\u012aJUMS VEIKSM\u012aGI NOS\u016aT\u012aTS BR\u012aDIN\u0100JUMS: ATLIKUS\u012aS GUDR\u0100S VIEN\u012aBAS NOLIKTAV\u0100 145 VIEN\u012aBU SKAITS IR IEROBE\u017dOTS, UN, JA NEREA\u0122\u0112SIET, RISK\u0112JAT ZAUD\u0112T IESP\u0112JU. M\u0113s ar jums sazin\u0101simies 60 MIN\u016a\u0160U laik\u0101 pa telefonu un WhatsApp, lai apstiprin\u0101tu pas\u016bt\u012bjumu un j\u016bsu datus, k\u0101 ar\u012b pal\u012bdz\u0113tu, ja b\u016btu nepiecie\u0161ama papildu inform\u0101cija. T\u0101p\u0113c m\u0113s iesak\u0101m tur\u0113t mobil\u0101 t\u0101lru\u0146a rokas tuvum\u0101. M\u016bsu [&hellip;]<\/p>\n","protected":false},"author":9,"featured_media":0,"parent":1934,"menu_order":0,"comment_status":"closed","ping_status":"closed","template":"elementor_canvas","meta":{"footnotes":""},"class_list":["post-1959","page","type-page","status-publish","hentry"],"_links":{"self":[{"href":"https:\/\/buy-super.com\/index.php\/wp-json\/wp\/v2\/pages\/1959","targetHints":{"allow":["GET"]}}],"collection":[{"href":"https:\/\/buy-super.com\/index.php\/wp-json\/wp\/v2\/pages"}],"about":[{"href":"https:\/\/buy-super.com\/index.php\/wp-json\/wp\/v2\/types\/page"}],"author":[{"embeddable":true,"href":"https:\/\/buy-super.com\/index.php\/wp-json\/wp\/v2\/users\/9"}],"replies":[{"embeddable":true,"href":"https:\/\/buy-super.com\/index.php\/wp-json\/wp\/v2\/comments?post=1959"}],"version-history":[{"count":1,"href":"https:\/\/buy-super.com\/index.php\/wp-json\/wp\/v2\/pages\/1959\/revisions"}],"predecessor-version":[{"id":1960,"href":"https:\/\/buy-super.com\/index.php\/wp-json\/wp\/v2\/pages\/1959\/revisions\/1960"}],"up":[{"embeddable":true,"href":"https:\/\/buy-super.com\/index.php\/wp-json\/wp\/v2\/pages\/1934"}],"wp:attachment":[{"href":"https:\/\/buy-super.com\/index.php\/wp-json\/wp\/v2\/media?parent=1959"}],"curies":[{"name":"wp","href":"https:\/\/api.w.org\/{rel}","templated":true}]}}