{"id":1809,"date":"2026-03-13T23:00:18","date_gmt":"2026-03-13T23:00:18","guid":{"rendered":"https:\/\/buy-super.com\/?page_id=1809"},"modified":"2026-03-13T23:00:18","modified_gmt":"2026-03-13T23:00:18","slug":"painter-max-pro-hu-tk","status":"publish","type":"page","link":"https:\/\/buy-super.com\/index.php\/painter-max-pro-hu\/painter-max-pro-hu-tk\/","title":{"rendered":"Painter-max-pro &#8211; HU &#8211; TK"},"content":{"rendered":"\t\t<div data-elementor-type=\"wp-page\" data-elementor-id=\"1809\" class=\"elementor elementor-1809\" data-elementor-post-type=\"page\">\n\t\t\t\t\t\t<section class=\"elementor-section elementor-top-section elementor-element elementor-element-7f4e5bd4 elementor-section-boxed elementor-section-height-default elementor-section-height-default\" data-id=\"7f4e5bd4\" data-element_type=\"section\" data-e-type=\"section\">\n\t\t\t\t\t\t<div class=\"elementor-container elementor-column-gap-default\">\n\t\t\t\t\t<div class=\"elementor-column elementor-col-100 elementor-top-column elementor-element elementor-element-13746a57\" data-id=\"13746a57\" data-element_type=\"column\" data-e-type=\"column\">\n\t\t\t<div class=\"elementor-widget-wrap elementor-element-populated\">\n\t\t\t\t\t\t<div class=\"elementor-element elementor-element-280a9337 elementor-widget elementor-widget-text-editor\" data-id=\"280a9337\" data-element_type=\"widget\" data-e-type=\"widget\" data-widget_type=\"text-editor.default\">\n\t\t\t\t<div class=\"elementor-widget-container\">\n\t\t\t\t\t\t\t\t\t<h5><span style=\"color: #008000;\"><b>K\u00d6SZ\u00d6NJ\u00dcK, MEGRENDEL\u00c9S\u00c9T SIKERESEN ELK\u00dcLDT\u00dcK.<\/b><\/span><\/h5>\t\t\t\t\t\t\t\t<\/div>\n\t\t\t\t<\/div>\n\t\t\t\t<div class=\"elementor-element elementor-element-10e70497 elementor-widget elementor-widget-image\" data-id=\"10e70497\" data-element_type=\"widget\" data-e-type=\"widget\" data-widget_type=\"image.default\">\n\t\t\t\t<div class=\"elementor-widget-container\">\n\t\t\t\t\t\t\t\t\t\t\t\t\t\t\t<img decoding=\"async\" width=\"150\" height=\"150\" src=\"https:\/\/buy-super.com\/wp-content\/uploads\/2024\/11\/3678259-triangolo-attenzione-icona-segno-giallo-gratuito-vettoriale-min-150x150.jpg\" class=\"attachment-thumbnail size-thumbnail wp-image-237\" alt=\"\" srcset=\"https:\/\/buy-super.com\/wp-content\/uploads\/2024\/11\/3678259-triangolo-attenzione-icona-segno-giallo-gratuito-vettoriale-min-150x150.jpg 150w, https:\/\/buy-super.com\/wp-content\/uploads\/2024\/11\/3678259-triangolo-attenzione-icona-segno-giallo-gratuito-vettoriale-min-300x300.jpg 300w, https:\/\/buy-super.com\/wp-content\/uploads\/2024\/11\/3678259-triangolo-attenzione-icona-segno-giallo-gratuito-vettoriale-min-1024x1024.jpg 1024w, https:\/\/buy-super.com\/wp-content\/uploads\/2024\/11\/3678259-triangolo-attenzione-icona-segno-giallo-gratuito-vettoriale-min-768x768.jpg 768w, https:\/\/buy-super.com\/wp-content\/uploads\/2024\/11\/3678259-triangolo-attenzione-icona-segno-giallo-gratuito-vettoriale-min-1536x1536.jpg 1536w, https:\/\/buy-super.com\/wp-content\/uploads\/2024\/11\/3678259-triangolo-attenzione-icona-segno-giallo-gratuito-vettoriale-min.jpg 1920w\" sizes=\"(max-width: 150px) 100vw, 150px\" \/>\t\t\t\t\t\t\t\t\t\t\t\t\t\t\t<\/div>\n\t\t\t\t<\/div>\n\t\t\t\t<div class=\"elementor-element elementor-element-5493dde8 elementor-widget elementor-widget-text-editor\" data-id=\"5493dde8\" data-element_type=\"widget\" data-e-type=\"widget\" data-widget_type=\"text-editor.default\">\n\t\t\t\t<div class=\"elementor-widget-container\">\n\t\t\t\t\t\t\t\t\t<h5><span style=\"color: #ff0000;\"><span style=\"font-size: 28px;\"><b>FIGYELEM:<\/b><\/span><\/span><\/h5>\t\t\t\t\t\t\t\t<\/div>\n\t\t\t\t<\/div>\n\t\t\t\t<div class=\"elementor-element elementor-element-573f8edb elementor-widget elementor-widget-counter\" data-id=\"573f8edb\" data-element_type=\"widget\" data-e-type=\"widget\" data-widget_type=\"counter.default\">\n\t\t\t\t<div class=\"elementor-widget-container\">\n\t\t\t\t\t\t\t<div class=\"elementor-counter\">\n\t\t\t<div class=\"elementor-counter-title\">FENNMARAD\u00d3 R\u00c9SZEK<\/div>\t\t\t<div class=\"elementor-counter-number-wrapper\">\n\t\t\t\t<span class=\"elementor-counter-number-prefix\"><\/span>\n\t\t\t\t<span class=\"elementor-counter-number\" data-duration=\"2000\" data-to-value=\"5\" data-from-value=\"145\" data-delimiter=\",\">145<\/span>\n\t\t\t\t<span class=\"elementor-counter-number-suffix\"><\/span>\n\t\t\t<\/div>\n\t\t<\/div>\n\t\t\t\t\t\t<\/div>\n\t\t\t\t<\/div>\n\t\t\t\t<div class=\"elementor-element elementor-element-294750f4 elementor-widget elementor-widget-text-editor\" data-id=\"294750f4\" data-element_type=\"widget\" data-e-type=\"widget\" data-widget_type=\"text-editor.default\">\n\t\t\t\t<div class=\"elementor-widget-container\">\n\t\t\t\t\t\t\t\t\t<h4><font color=\"#ff0000\"><b>DARABOK KORL\u00c1TOZOTTAK, \u00c9S HA NEM V\u00c1LASZOLSZ, AZT KOCK\u00c1ZTATOD, HOGY ELVESZ\u00cdTED A LEHET\u0150S\u00c9GET.<\/b><\/font><\/h4>\n<h4><span style=\"font-size: 18px;\"><b>30 PERCEN bel\u00fcl felvessz\u00fck \u00d6nnel a kapcsolatot telefonon \u00e9s Whatsappon, hogy meger\u0151s\u00edts\u00fck a megrendel\u00e9st \u00e9s az \u00d6n adatait, \u00e9s seg\u00edts\u00fcnk \u00d6nnek, ha tov\u00e1bbi inform\u00e1ci\u00f3ra van sz\u00fcks\u00e9ge.<\/b><\/span><\/h4>\n<h4><font color=\"#ff0000\"><span style=\"font-size: 18px;\"><b><u>Ez\u00e9rt javasoljuk, hogy legyen k\u00e9zn\u00e9l mobiltelefonja.<\/u><\/b><\/span><\/font><\/h4>\n<h4><span style=\"font-size: 20px;\"><b>Irod\u00e1ink minden nap 8:00 \u00e9s 21:00 \u00f3ra k\u00f6z\u00f6tt tartanak nyitva.<\/b><\/span><\/h4>\n<h4><span style=\"font-size: 20px;\">Ha a megrendel\u00e9st munkaid\u0151n k\u00edv\u00fcl adja le, a k\u00f6vetkez\u0151 napon felvessz\u00fck \u00d6nnel a kapcsolatot.<\/span><\/h4>\n<h4 style=\"text-align: center;\"><span style=\"font-size: 20px;\">K\u00f6sz\u00f6nj\u00fck, hogy minket v\u00e1lasztott \ud83d\ude42<\/span><br><\/h4>\t\t\t\t\t\t\t\t<\/div>\n\t\t\t\t<\/div>\n\t\t\t\t\t<\/div>\n\t\t<\/div>\n\t\t\t\t\t<\/div>\n\t\t<\/section>\n\t\t\t\t<\/div>\n\t\t","protected":false},"excerpt":{"rendered":"<p>K\u00d6SZ\u00d6NJ\u00dcK, MEGRENDEL\u00c9S\u00c9T SIKERESEN ELK\u00dcLDT\u00dcK. FIGYELEM: FENNMARAD\u00d3 R\u00c9SZEK 145 DARABOK KORL\u00c1TOZOTTAK, \u00c9S HA NEM V\u00c1LASZOLSZ, AZT KOCK\u00c1ZTATOD, HOGY ELVESZ\u00cdTED A LEHET\u0150S\u00c9GET. 30 PERCEN bel\u00fcl felvessz\u00fck \u00d6nnel a kapcsolatot telefonon \u00e9s Whatsappon, hogy meger\u0151s\u00edts\u00fck a megrendel\u00e9st \u00e9s az \u00d6n adatait, \u00e9s seg\u00edts\u00fcnk \u00d6nnek, ha tov\u00e1bbi inform\u00e1ci\u00f3ra van sz\u00fcks\u00e9ge. Ez\u00e9rt javasoljuk, hogy legyen k\u00e9zn\u00e9l mobiltelefonja. Irod\u00e1ink minden nap [&hellip;]<\/p>\n","protected":false},"author":9,"featured_media":0,"parent":1737,"menu_order":0,"comment_status":"closed","ping_status":"closed","template":"elementor_canvas","meta":{"footnotes":""},"class_list":["post-1809","page","type-page","status-publish","hentry"],"_links":{"self":[{"href":"https:\/\/buy-super.com\/index.php\/wp-json\/wp\/v2\/pages\/1809","targetHints":{"allow":["GET"]}}],"collection":[{"href":"https:\/\/buy-super.com\/index.php\/wp-json\/wp\/v2\/pages"}],"about":[{"href":"https:\/\/buy-super.com\/index.php\/wp-json\/wp\/v2\/types\/page"}],"author":[{"embeddable":true,"href":"https:\/\/buy-super.com\/index.php\/wp-json\/wp\/v2\/users\/9"}],"replies":[{"embeddable":true,"href":"https:\/\/buy-super.com\/index.php\/wp-json\/wp\/v2\/comments?post=1809"}],"version-history":[{"count":1,"href":"https:\/\/buy-super.com\/index.php\/wp-json\/wp\/v2\/pages\/1809\/revisions"}],"predecessor-version":[{"id":1814,"href":"https:\/\/buy-super.com\/index.php\/wp-json\/wp\/v2\/pages\/1809\/revisions\/1814"}],"up":[{"embeddable":true,"href":"https:\/\/buy-super.com\/index.php\/wp-json\/wp\/v2\/pages\/1737"}],"wp:attachment":[{"href":"https:\/\/buy-super.com\/index.php\/wp-json\/wp\/v2\/media?parent=1809"}],"curies":[{"name":"wp","href":"https:\/\/api.w.org\/{rel}","templated":true}]}}