{"id":1584,"date":"2026-03-02T20:23:50","date_gmt":"2026-03-02T20:23:50","guid":{"rendered":"https:\/\/buy-super.com\/?page_id=1584"},"modified":"2026-03-02T20:24:20","modified_gmt":"2026-03-02T20:24:20","slug":"greenstyle-cr-tk","status":"publish","type":"page","link":"https:\/\/buy-super.com\/index.php\/greenstyle-cr\/greenstyle-cr-tk\/","title":{"rendered":"GreenStyle &#8211; CR &#8211; TK"},"content":{"rendered":"\t\t<div data-elementor-type=\"wp-page\" data-elementor-id=\"1584\" class=\"elementor elementor-1584\" data-elementor-post-type=\"page\">\n\t\t\t\t\t\t<section class=\"elementor-section elementor-top-section elementor-element elementor-element-1be6b5eb elementor-section-boxed elementor-section-height-default elementor-section-height-default\" data-id=\"1be6b5eb\" data-element_type=\"section\" data-e-type=\"section\">\n\t\t\t\t\t\t<div class=\"elementor-container elementor-column-gap-default\">\n\t\t\t\t\t<div class=\"elementor-column elementor-col-100 elementor-top-column elementor-element elementor-element-343d5f5e\" data-id=\"343d5f5e\" data-element_type=\"column\" data-e-type=\"column\">\n\t\t\t<div class=\"elementor-widget-wrap elementor-element-populated\">\n\t\t\t\t\t\t<div class=\"elementor-element elementor-element-117f373b elementor-widget elementor-widget-text-editor\" data-id=\"117f373b\" data-element_type=\"widget\" data-e-type=\"widget\" data-widget_type=\"text-editor.default\">\n\t\t\t\t<div class=\"elementor-widget-container\">\n\t\t\t\t\t\t\t\t\t<div class=\"flex max-w-full flex-col flex-grow\"><div class=\"min-h-8 text-message flex w-full flex-col items-end gap-2 whitespace-normal break-words text-start [.text-message+&amp;]:mt-5\" dir=\"auto\" data-message-author-role=\"assistant\" data-message-id=\"cf4bf9a4-c5df-456b-a058-0f03a54c1499\" data-message-model-slug=\"gpt-4o-mini\"><div class=\"flex w-full flex-col gap-1 empty:hidden first:pt-[3px]\"><div class=\"markdown prose w-full break-words dark:prose-invert dark\"><p><strong>Hvala, narud\u017eba je uspje\u0161no poslana.<\/strong><\/p><\/div><\/div><\/div><\/div>\t\t\t\t\t\t\t\t<\/div>\n\t\t\t\t<\/div>\n\t\t\t\t<div class=\"elementor-element elementor-element-933df79 elementor-widget elementor-widget-text-editor\" data-id=\"933df79\" data-element_type=\"widget\" data-e-type=\"widget\" data-widget_type=\"text-editor.default\">\n\t\t\t\t<div class=\"elementor-widget-container\">\n\t\t\t\t\t\t\t\t\t<h5><span style=\"color: #ff0000;\"><span style=\"font-size: 28px;\"><b>OSTRZE\u017bENIE:<\/b><\/span><\/span><\/h5>\t\t\t\t\t\t\t\t<\/div>\n\t\t\t\t<\/div>\n\t\t\t\t<div class=\"elementor-element elementor-element-b177af9 elementor-widget elementor-widget-image\" data-id=\"b177af9\" data-element_type=\"widget\" data-e-type=\"widget\" data-widget_type=\"image.default\">\n\t\t\t\t<div class=\"elementor-widget-container\">\n\t\t\t\t\t\t\t\t\t\t\t\t\t\t\t<img decoding=\"async\" width=\"150\" height=\"150\" src=\"https:\/\/buy-super.com\/wp-content\/uploads\/2026\/03\/3678259-triangolo-attenzione-icona-segno-giallo-gratuito-vettoriale-min-150x150.jpg\" class=\"attachment-thumbnail size-thumbnail wp-image-1587\" alt=\"\" srcset=\"https:\/\/buy-super.com\/wp-content\/uploads\/2026\/03\/3678259-triangolo-attenzione-icona-segno-giallo-gratuito-vettoriale-min-150x150.jpg 150w, https:\/\/buy-super.com\/wp-content\/uploads\/2026\/03\/3678259-triangolo-attenzione-icona-segno-giallo-gratuito-vettoriale-min-300x300.jpg 300w, https:\/\/buy-super.com\/wp-content\/uploads\/2026\/03\/3678259-triangolo-attenzione-icona-segno-giallo-gratuito-vettoriale-min-1024x1024.jpg 1024w, https:\/\/buy-super.com\/wp-content\/uploads\/2026\/03\/3678259-triangolo-attenzione-icona-segno-giallo-gratuito-vettoriale-min-768x768.jpg 768w, https:\/\/buy-super.com\/wp-content\/uploads\/2026\/03\/3678259-triangolo-attenzione-icona-segno-giallo-gratuito-vettoriale-min-1536x1536.jpg 1536w, https:\/\/buy-super.com\/wp-content\/uploads\/2026\/03\/3678259-triangolo-attenzione-icona-segno-giallo-gratuito-vettoriale-min.jpg 1920w\" sizes=\"(max-width: 150px) 100vw, 150px\" \/>\t\t\t\t\t\t\t\t\t\t\t\t\t\t\t<\/div>\n\t\t\t\t<\/div>\n\t\t\t\t<div class=\"elementor-element elementor-element-122d7edd elementor-widget elementor-widget-counter\" data-id=\"122d7edd\" data-element_type=\"widget\" data-e-type=\"widget\" data-widget_type=\"counter.default\">\n\t\t\t\t<div class=\"elementor-widget-container\">\n\t\t\t\t\t\t\t<div class=\"elementor-counter\">\n\t\t\t<div class=\"elementor-counter-title\">OSTALE STRANICE<\/div>\t\t\t<div class=\"elementor-counter-number-wrapper\">\n\t\t\t\t<span class=\"elementor-counter-number-prefix\"><\/span>\n\t\t\t\t<span class=\"elementor-counter-number\" data-duration=\"2000\" data-to-value=\"5\" data-from-value=\"145\" data-delimiter=\",\">145<\/span>\n\t\t\t\t<span class=\"elementor-counter-number-suffix\"><\/span>\n\t\t\t<\/div>\n\t\t<\/div>\n\t\t\t\t\t\t<\/div>\n\t\t\t\t<\/div>\n\t\t\t\t<div class=\"elementor-element elementor-element-70e97b31 elementor-widget elementor-widget-text-editor\" data-id=\"70e97b31\" data-element_type=\"widget\" data-e-type=\"widget\" data-widget_type=\"text-editor.default\">\n\t\t\t\t<div class=\"elementor-widget-container\">\n\t\t\t\t\t\t\t\t\t<h4><strong>BROJ KOMADA JE OGRANI\u010cEN I AKO SE NE JAVITE NA TELEFON RISKIRATE DA PROPUSTITE PRILIKU.<\/strong><\/h4><h4>Kontaktirat \u0107emo vas u roku od 60 MINUTA putem telefona i Whatsappa kako bismo potvrdili va\u0161u narud\u017ebu i detalje te kako bismo vam pomogli ako trebate dodatne informacije.<\/h4><h4>Stoga je preporu\u010dljivo imati mobilni telefon pri ruci.<\/h4><h4><strong>Na\u0161i uredi su otvoreni od ponedjeljka do petka od 8:00 do 20:00 sati i subotom od 9:00 do 13:00 sati.<\/strong><\/h4><h4>Ukoliko je narud\u017eba predana izvan radnog vremena, bit \u0107ete kontaktirani sljede\u0107i dan.<\/h4><h4 style=\"text-align: center;\">Hvala \u0161to ste nas odabrali \ud83d\ude42<\/h4>\t\t\t\t\t\t\t\t<\/div>\n\t\t\t\t<\/div>\n\t\t\t\t\t<\/div>\n\t\t<\/div>\n\t\t\t\t\t<\/div>\n\t\t<\/section>\n\t\t\t\t<\/div>\n\t\t","protected":false},"excerpt":{"rendered":"<p>Hvala, narud\u017eba je uspje\u0161no poslana. OSTRZE\u017bENIE: OSTALE STRANICE 145 BROJ KOMADA JE OGRANI\u010cEN I AKO SE NE JAVITE NA TELEFON RISKIRATE DA PROPUSTITE PRILIKU. Kontaktirat \u0107emo vas u roku od 60 MINUTA putem telefona i Whatsappa kako bismo potvrdili va\u0161u narud\u017ebu i detalje te kako bismo vam pomogli ako trebate dodatne informacije. Stoga je preporu\u010dljivo [&hellip;]<\/p>\n","protected":false},"author":9,"featured_media":0,"parent":1552,"menu_order":0,"comment_status":"closed","ping_status":"closed","template":"elementor_canvas","meta":{"footnotes":""},"class_list":["post-1584","page","type-page","status-publish","hentry"],"_links":{"self":[{"href":"https:\/\/buy-super.com\/index.php\/wp-json\/wp\/v2\/pages\/1584","targetHints":{"allow":["GET"]}}],"collection":[{"href":"https:\/\/buy-super.com\/index.php\/wp-json\/wp\/v2\/pages"}],"about":[{"href":"https:\/\/buy-super.com\/index.php\/wp-json\/wp\/v2\/types\/page"}],"author":[{"embeddable":true,"href":"https:\/\/buy-super.com\/index.php\/wp-json\/wp\/v2\/users\/9"}],"replies":[{"embeddable":true,"href":"https:\/\/buy-super.com\/index.php\/wp-json\/wp\/v2\/comments?post=1584"}],"version-history":[{"count":4,"href":"https:\/\/buy-super.com\/index.php\/wp-json\/wp\/v2\/pages\/1584\/revisions"}],"predecessor-version":[{"id":1593,"href":"https:\/\/buy-super.com\/index.php\/wp-json\/wp\/v2\/pages\/1584\/revisions\/1593"}],"up":[{"embeddable":true,"href":"https:\/\/buy-super.com\/index.php\/wp-json\/wp\/v2\/pages\/1552"}],"wp:attachment":[{"href":"https:\/\/buy-super.com\/index.php\/wp-json\/wp\/v2\/media?parent=1584"}],"curies":[{"name":"wp","href":"https:\/\/api.w.org\/{rel}","templated":true}]}}