{"id":1213,"date":"2026-02-08T20:49:25","date_gmt":"2026-02-08T20:49:25","guid":{"rendered":"https:\/\/buy-super.com\/?page_id=1213"},"modified":"2026-04-28T07:16:02","modified_gmt":"2026-04-28T07:16:02","slug":"r-vision-pl-tk","status":"publish","type":"page","link":"https:\/\/buy-super.com\/index.php\/r-vision-pl\/r-vision-pl-tk\/","title":{"rendered":"R-Vision\u2122 &#8211; PL &#8211; TK"},"content":{"rendered":"\t\t<div data-elementor-type=\"wp-page\" data-elementor-id=\"1213\" class=\"elementor elementor-1213\" data-elementor-post-type=\"page\">\n\t\t\t\t\t\t<section class=\"elementor-section elementor-top-section elementor-element elementor-element-3d11da6f elementor-section-boxed elementor-section-height-default elementor-section-height-default\" data-id=\"3d11da6f\" data-element_type=\"section\" data-e-type=\"section\">\n\t\t\t\t\t\t<div class=\"elementor-container elementor-column-gap-default\">\n\t\t\t\t\t<div class=\"elementor-column elementor-col-100 elementor-top-column elementor-element elementor-element-6b92798e\" data-id=\"6b92798e\" data-element_type=\"column\" data-e-type=\"column\">\n\t\t\t<div class=\"elementor-widget-wrap elementor-element-populated\">\n\t\t\t\t\t\t<div class=\"elementor-element elementor-element-632cea57 elementor-widget elementor-widget-text-editor\" data-id=\"632cea57\" data-element_type=\"widget\" data-e-type=\"widget\" data-widget_type=\"text-editor.default\">\n\t\t\t\t<div class=\"elementor-widget-container\">\n\t\t\t\t\t\t\t\t\t<h5><span style=\"color: #008000;\"><b>DZI\u0118KUJEMY, ZAM\u00d3WIENIE ZOSTA\u0141O WYS\u0141ANE POMY\u015aLNIE.<\/b><\/span><\/h5>\t\t\t\t\t\t\t\t<\/div>\n\t\t\t\t<\/div>\n\t\t\t\t<div class=\"elementor-element elementor-element-6ef2f6b elementor-widget elementor-widget-text-editor\" data-id=\"6ef2f6b\" data-element_type=\"widget\" data-e-type=\"widget\" data-widget_type=\"text-editor.default\">\n\t\t\t\t<div class=\"elementor-widget-container\">\n\t\t\t\t\t\t\t\t\t<h5>Poczekaj! Tylko dla nowych klient\u00f3w: Dodaj VISOVO do swojego zam\u00f3wienia i otrzymaj 60% zni\u017cki.<\/h5>\t\t\t\t\t\t\t\t<\/div>\n\t\t\t\t<\/div>\n\t\t\t\t<div class=\"elementor-element elementor-element-40b5d8f elementor-widget elementor-widget-heading\" data-id=\"40b5d8f\" data-element_type=\"widget\" data-e-type=\"widget\" data-widget_type=\"heading.default\">\n\t\t\t\t<div class=\"elementor-widget-container\">\n\t\t\t\t\t<h2 class=\"elementor-heading-title elementor-size-default\">\u2b07\ufe0fEkskluzywna oferta tylko dla Ciebie, zam\u00f3w r\u00f3wnie\u017c:\u2b07\ufe0f<\/h2>\t\t\t\t<\/div>\n\t\t\t\t<\/div>\n\t\t\t\t\t<\/div>\n\t\t<\/div>\n\t\t\t\t\t<\/div>\n\t\t<\/section>\n\t\t<div class=\"elementor-element elementor-element-f1d95d1 e-flex e-con-boxed e-con e-parent\" data-id=\"f1d95d1\" data-element_type=\"container\" data-e-type=\"container\" data-settings=\"{&quot;background_background&quot;:&quot;classic&quot;}\">\n\t\t\t\t\t<div class=\"e-con-inner\">\n\t\t<div class=\"elementor-element elementor-element-f40ea98 e-con-full e-flex e-con e-child\" data-id=\"f40ea98\" data-element_type=\"container\" data-e-type=\"container\">\n\t\t\t\t<div class=\"elementor-element elementor-element-07e0afe elementor-widget elementor-widget-heading\" data-id=\"07e0afe\" data-element_type=\"widget\" data-e-type=\"widget\" data-widget_type=\"heading.default\">\n\t\t\t\t<div class=\"elementor-widget-container\">\n\t\t\t\t\t<h2 class=\"elementor-heading-title elementor-size-default\">Visitec \u2014 100% skutecznie wspiera i  chroni wzrok<\/h2>\t\t\t\t<\/div>\n\t\t\t\t<\/div>\n\t\t\t\t<div class=\"elementor-element elementor-element-ac1d0ab elementor-widget elementor-widget-heading\" data-id=\"ac1d0ab\" data-element_type=\"widget\" data-e-type=\"widget\" data-widget_type=\"heading.default\">\n\t\t\t\t<div class=\"elementor-widget-container\">\n\t\t\t\t\t<h3 class=\"elementor-heading-title elementor-size-default\">Wp\u0142ywa na przyczyn\u0119 s\u0142abego wzroku, \u0142agodzi napi\u0119cie oczu, chroni oczy przy d\u0142ugotrwa\u0142ym stresie<\/h3>\t\t\t\t<\/div>\n\t\t\t\t<\/div>\n\t\t\t\t<\/div>\n\t\t\t\t\t<\/div>\n\t\t\t\t<\/div>\n\t\t<div class=\"elementor-element elementor-element-4034854 e-flex e-con-boxed e-con e-parent\" data-id=\"4034854\" data-element_type=\"container\" data-e-type=\"container\" data-settings=\"{&quot;background_background&quot;:&quot;classic&quot;}\">\n\t\t\t\t\t<div class=\"e-con-inner\">\n\t\t<div class=\"elementor-element elementor-element-1cf7823 e-con-full e-flex e-con e-child\" data-id=\"1cf7823\" data-element_type=\"container\" data-e-type=\"container\">\n\t\t\t\t<div class=\"elementor-element elementor-element-9d5aab2 elementor-widget elementor-widget-image\" data-id=\"9d5aab2\" data-element_type=\"widget\" data-e-type=\"widget\" data-widget_type=\"image.default\">\n\t\t\t\t<div class=\"elementor-widget-container\">\n\t\t\t\t\t\t\t\t\t\t\t\t\t\t\t<img fetchpriority=\"high\" decoding=\"async\" width=\"640\" height=\"350\" src=\"https:\/\/buy-super.com\/wp-content\/uploads\/2026\/04\/product-1.png\" class=\"attachment-large size-large wp-image-2708\" alt=\"\" srcset=\"https:\/\/buy-super.com\/wp-content\/uploads\/2026\/04\/product-1.png 640w, https:\/\/buy-super.com\/wp-content\/uploads\/2026\/04\/product-1-300x164.png 300w\" sizes=\"(max-width: 640px) 100vw, 640px\" \/>\t\t\t\t\t\t\t\t\t\t\t\t\t\t\t<\/div>\n\t\t\t\t<\/div>\n\t\t\t\t<\/div>\n\t\t<div class=\"elementor-element elementor-element-674a849 e-con-full e-flex e-con e-child\" data-id=\"674a849\" data-element_type=\"container\" data-e-type=\"container\">\n\t\t\t\t<div class=\"elementor-element elementor-element-8606db3 elementor-icon-list--layout-traditional elementor-list-item-link-full_width elementor-widget elementor-widget-icon-list\" data-id=\"8606db3\" data-element_type=\"widget\" data-e-type=\"widget\" data-widget_type=\"icon-list.default\">\n\t\t\t\t<div class=\"elementor-widget-container\">\n\t\t\t\t\t\t\t<ul class=\"elementor-icon-list-items\">\n\t\t\t\t\t\t\t<li class=\"elementor-icon-list-item\">\n\t\t\t\t\t\t\t\t\t\t\t<span class=\"elementor-icon-list-icon\">\n\t\t\t\t\t\t\t<i aria-hidden=\"true\" class=\"fas fa-check\"><\/i>\t\t\t\t\t\t<\/span>\n\t\t\t\t\t\t\t\t\t\t<span class=\"elementor-icon-list-text\">Oszcz\u0119dza si\u0119 wzrok<\/span>\n\t\t\t\t\t\t\t\t\t<\/li>\n\t\t\t\t\t\t\t\t<li class=\"elementor-icon-list-item\">\n\t\t\t\t\t\t\t\t\t\t\t<span class=\"elementor-icon-list-icon\">\n\t\t\t\t\t\t\t<i aria-hidden=\"true\" class=\"fas fa-check\"><\/i>\t\t\t\t\t\t<\/span>\n\t\t\t\t\t\t\t\t\t\t<span class=\"elementor-icon-list-text\">Zmniejsza si\u0119 ci\u015bnienie \u015br\u00f3dga\u0142kowe<\/span>\n\t\t\t\t\t\t\t\t\t<\/li>\n\t\t\t\t\t\t\t\t<li class=\"elementor-icon-list-item\">\n\t\t\t\t\t\t\t\t\t\t\t<span class=\"elementor-icon-list-icon\">\n\t\t\t\t\t\t\t<i aria-hidden=\"true\" class=\"fas fa-check\"><\/i>\t\t\t\t\t\t<\/span>\n\t\t\t\t\t\t\t\t\t\t<span class=\"elementor-icon-list-text\">Eliminuje si\u0119 ryzyko niebezpiecznych chor\u00f3b<\/span>\n\t\t\t\t\t\t\t\t\t<\/li>\n\t\t\t\t\t\t\t\t<li class=\"elementor-icon-list-item\">\n\t\t\t\t\t\t\t\t\t\t\t<span class=\"elementor-icon-list-icon\">\n\t\t\t\t\t\t\t<i aria-hidden=\"true\" class=\"fas fa-check\"><\/i>\t\t\t\t\t\t<\/span>\n\t\t\t\t\t\t\t\t\t\t<span class=\"elementor-icon-list-text\">Chroni\u0105 si\u0119 struktury oczu przed zniszczeniem przez wolne rodniki<\/span>\n\t\t\t\t\t\t\t\t\t<\/li>\n\t\t\t\t\t\t<\/ul>\n\t\t\t\t\t\t<\/div>\n\t\t\t\t<\/div>\n\t\t\t\t<div class=\"elementor-element elementor-element-4218c45 elementor-widget elementor-widget-heading\" data-id=\"4218c45\" data-element_type=\"widget\" data-e-type=\"widget\" data-widget_type=\"heading.default\">\n\t\t\t\t<div class=\"elementor-widget-container\">\n\t\t\t\t\t<h3 class=\"elementor-heading-title elementor-size-default\">Przy zam\u00f3wieniu ju\u017c teraz <span style=\"color: #fff722\">rabat!<\/h3>\t\t\t\t<\/div>\n\t\t\t\t<\/div>\n\t\t\t\t<div class=\"elementor-element elementor-element-5c318e9 elementor-widget elementor-widget-heading\" data-id=\"5c318e9\" data-element_type=\"widget\" data-e-type=\"widget\" data-widget_type=\"heading.default\">\n\t\t\t\t<div class=\"elementor-widget-container\">\n\t\t\t\t\t<h2 class=\"elementor-heading-title elementor-size-default\"><del>318 z\u0142<\/del><span style=\"color: #fff722\"> 159 z\u0142<\/span><\/h2>\t\t\t\t<\/div>\n\t\t\t\t<\/div>\n\t\t\t\t<div class=\"elementor-element elementor-element-8e56a95 elementor-widget elementor-widget-heading\" data-id=\"8e56a95\" data-element_type=\"widget\" data-e-type=\"widget\" data-widget_type=\"heading.default\">\n\t\t\t\t<div class=\"elementor-widget-container\">\n\t\t\t\t\t<h3 class=\"elementor-heading-title elementor-size-default\">Do ko\u0144ca promocji zosta\u0142o:<\/h3>\t\t\t\t<\/div>\n\t\t\t\t<\/div>\n\t\t\t\t<div class=\"elementor-element elementor-element-ab6b1b3 elementor-countdown--label-block elementor-widget elementor-widget-countdown\" data-id=\"ab6b1b3\" data-element_type=\"widget\" data-e-type=\"widget\" data-widget_type=\"countdown.default\">\n\t\t\t\t<div class=\"elementor-widget-container\">\n\t\t\t\t\t\t\t<div data-evergreen-interval=\"16620\" class=\"elementor-countdown-wrapper\" data-date=\"\">\n\t\t\t<div class=\"elementor-countdown-item\"><span class=\"elementor-countdown-digits elementor-countdown-hours\"><\/span> <span class=\"elementor-countdown-label\">godziny<\/span><\/div><div class=\"elementor-countdown-item\"><span class=\"elementor-countdown-digits elementor-countdown-minutes\"><\/span> <span class=\"elementor-countdown-label\">minuty<\/span><\/div><div class=\"elementor-countdown-item\"><span class=\"elementor-countdown-digits elementor-countdown-seconds\"><\/span> <span class=\"elementor-countdown-label\">sekundy<\/span><\/div>\t\t<\/div>\n\t\t\t\t\t\t<\/div>\n\t\t\t\t<\/div>\n\t\t\t\t<div class=\"elementor-element elementor-element-f8b1e01 elementor-button-align-center elementor-widget__width-initial elementor-widget-mobile__width-initial elementor-widget elementor-widget-form\" data-id=\"f8b1e01\" data-element_type=\"widget\" data-e-type=\"widget\" data-settings=\"{&quot;step_next_label&quot;:&quot;Successivo&quot;,&quot;step_previous_label&quot;:&quot;Precedente&quot;,&quot;button_width&quot;:&quot;100&quot;,&quot;step_type&quot;:&quot;number_text&quot;,&quot;step_icon_shape&quot;:&quot;circle&quot;}\" data-widget_type=\"form.default\">\n\t\t\t\t<div class=\"elementor-widget-container\">\n\t\t\t\t\t\t\t<form class=\"elementor-form\" method=\"post\" name=\"Upsell Occhiali PL -&gt; TL\" aria-label=\"Upsell Occhiali PL -&gt; TL\">\n\t\t\t<input type=\"hidden\" name=\"post_id\" value=\"1213\"\/>\n\t\t\t<input type=\"hidden\" name=\"form_id\" value=\"f8b1e01\"\/>\n\t\t\t<input type=\"hidden\" name=\"referer_title\" value=\"\" \/>\n\n\t\t\t\n\t\t\t<div class=\"elementor-form-fields-wrapper elementor-labels-above\">\n\t\t\t\t\t\t\t\t<div class=\"elementor-field-type-text elementor-field-group elementor-column elementor-field-group-name elementor-col-100 elementor-field-required\">\n\t\t\t\t\t\t\t\t\t\t\t\t<label for=\"form-field-name\" class=\"elementor-field-label\">\n\t\t\t\t\t\t\t\tImi\u0119 i nazwisko\t\t\t\t\t\t\t<\/label>\n\t\t\t\t\t\t\t\t\t\t\t\t\t\t<input size=\"1\" type=\"text\" name=\"form_fields[name]\" id=\"form-field-name\" class=\"elementor-field elementor-size-sm  elementor-field-textual\" required=\"required\">\n\t\t\t\t\t\t\t\t\t\t\t<\/div>\n\t\t\t\t\t\t\t\t<div class=\"elementor-field-type-tel elementor-field-group elementor-column elementor-field-group-phone elementor-col-100 elementor-field-required\">\n\t\t\t\t\t\t\t\t\t\t\t\t<label for=\"form-field-phone\" class=\"elementor-field-label\">\n\t\t\t\t\t\t\t\tNumer telefonu\t\t\t\t\t\t\t<\/label>\n\t\t\t\t\t\t\t\t<input size=\"1\" type=\"tel\" name=\"form_fields[phone]\" id=\"form-field-phone\" class=\"elementor-field elementor-size-sm  elementor-field-textual\" required=\"required\" pattern=\"[0-9()#&amp;+*-=.]+\" title=\"Sono accettati solo numeri e caratteri telefonici (#, -, *, ecc.).\">\n\n\t\t\t\t\t\t<\/div>\n\t\t\t\t\t\t\t\t<div class=\"elementor-field-type-hidden elementor-field-group elementor-column elementor-field-group-user_id elementor-col-100\">\n\t\t\t\t\t\t\t\t\t\t\t\t\t<input size=\"1\" type=\"hidden\" name=\"form_fields[user_id]\" id=\"form-field-user_id\" class=\"elementor-field elementor-size-sm  elementor-field-textual\" value=\"48736\">\n\t\t\t\t\t\t\t\t\t\t\t<\/div>\n\t\t\t\t\t\t\t\t<div class=\"elementor-field-type-hidden elementor-field-group elementor-column elementor-field-group-api_key elementor-col-100\">\n\t\t\t\t\t\t\t\t\t\t\t\t\t<input size=\"1\" type=\"hidden\" name=\"form_fields[api_key]\" id=\"form-field-api_key\" class=\"elementor-field elementor-size-sm  elementor-field-textual\" value=\"01a363ee4765839069d53ba9593358ab\">\n\t\t\t\t\t\t\t\t\t\t\t<\/div>\n\t\t\t\t\t\t\t\t<div class=\"elementor-field-type-hidden elementor-field-group elementor-column elementor-field-group-offer_id elementor-col-100\">\n\t\t\t\t\t\t\t\t\t\t\t\t\t<input size=\"1\" type=\"hidden\" name=\"form_fields[offer_id]\" id=\"form-field-offer_id\" class=\"elementor-field elementor-size-sm  elementor-field-textual\" value=\"6870\">\n\t\t\t\t\t\t\t\t\t\t\t<\/div>\n\t\t\t\t\t\t\t\t<div class=\"elementor-field-group elementor-column elementor-field-type-submit elementor-col-100 e-form__buttons\">\n\t\t\t\t\t<button class=\"elementor-button elementor-size-sm\" type=\"submit\">\n\t\t\t\t\t\t<span class=\"elementor-button-content-wrapper\">\n\t\t\t\t\t\t\t\t\t\t\t\t\t\t\t\t\t\t\t\t\t\t<span class=\"elementor-button-text\">Zam\u00f3w teraz<\/span>\n\t\t\t\t\t\t\t\t\t\t\t\t\t<\/span>\n\t\t\t\t\t<\/button>\n\t\t\t\t<\/div>\n\t\t\t<\/div>\n\t\t<\/form>\n\t\t\t\t\t\t<\/div>\n\t\t\t\t<\/div>\n\t\t\t\t<\/div>\n\t\t\t\t\t<\/div>\n\t\t\t\t<\/div>\n\t\t<div class=\"elementor-element elementor-element-bb35841 e-flex e-con-boxed e-con e-parent\" data-id=\"bb35841\" data-element_type=\"container\" data-e-type=\"container\">\n\t\t\t\t\t<div class=\"e-con-inner\">\n\t\t\t\t<div class=\"elementor-element elementor-element-09d5295 elementor-widget elementor-widget-text-editor\" data-id=\"09d5295\" data-element_type=\"widget\" data-e-type=\"widget\" data-widget_type=\"text-editor.default\">\n\t\t\t\t<div class=\"elementor-widget-container\">\n\t\t\t\t\t\t\t\t\t<h4><span style=\"color: #ff0000;\"><b>LICZBA SZTUK JEST OGRANICZONA I JE\u015aLI NIE ODBIERZESZ TELEFONU, RYZYKUJESZ UTRAT\u0118 OKAZJI.<\/b><\/span><\/h4>\n<h4><b style=\"font-size: 14px; color: inherit; font-family: inherit;\">Skontaktujemy si\u0119 z Tob\u0105 w ci\u0105gu 60 MINUT przez telefon i Whatsapp, aby potwierdzi\u0107 zam\u00f3wienie i Twoje dane oraz pom\u00f3c Ci, je\u015bli potrzebujesz dodatkowych informacji.<\/b><\/h4>\n<h4><span style=\"color: #ff0000;\"><span style=\"font-size: 18px;\"><b><u>Dlatego zalecamy, aby mie\u0107 pod r\u0119k\u0105 telefon kom\u00f3rkowy.<\/u><\/b><\/span><\/span><\/h4>\n<h4><span style=\"font-size: 20px;\"><b>Nasze biura s\u0105 otwarte od poniedzia\u0142ku do pi\u0105tku w godzinach od 8:00 do 20:00, a w soboty od 9:00 do 13:00 .<\/b><\/span><\/h4>\n<h4><span style=\"font-size: 20px; color: inherit; font-family: inherit;\">Je\u015bli zam\u00f3wienie zostanie z\u0142o\u017cone poza godzinami pracy, skontaktujemy si\u0119 z Tob\u0105 nast\u0119pnego dnia.<\/span><\/h4>\n<h4 style=\"text-align: center;\"><span style=\"font-size: 20px; color: inherit; font-family: inherit;\">Dzi\u0119kujemy za wybranie nas \ud83d\ude42<\/span><\/h4>\t\t\t\t\t\t\t\t<\/div>\n\t\t\t\t<\/div>\n\t\t\t\t\t<\/div>\n\t\t\t\t<\/div>\n\t\t\t\t<\/div>\n\t\t","protected":false},"excerpt":{"rendered":"<p>DZI\u0118KUJEMY, ZAM\u00d3WIENIE ZOSTA\u0141O WYS\u0141ANE POMY\u015aLNIE. Poczekaj! Tylko dla nowych klient\u00f3w: Dodaj VISOVO do swojego zam\u00f3wienia i otrzymaj 60% zni\u017cki. \u2b07\ufe0fEkskluzywna oferta tylko dla Ciebie, zam\u00f3w r\u00f3wnie\u017c:\u2b07\ufe0f Visitec \u2014 100% skutecznie wspiera i chroni wzrok Wp\u0142ywa na przyczyn\u0119 s\u0142abego wzroku, \u0142agodzi napi\u0119cie oczu, chroni oczy przy d\u0142ugotrwa\u0142ym stresie Oszcz\u0119dza si\u0119 wzrok Zmniejsza si\u0119 ci\u015bnienie \u015br\u00f3dga\u0142kowe Eliminuje [&hellip;]<\/p>\n","protected":false},"author":9,"featured_media":0,"parent":1191,"menu_order":0,"comment_status":"closed","ping_status":"closed","template":"elementor_canvas","meta":{"footnotes":""},"class_list":["post-1213","page","type-page","status-publish","hentry"],"_links":{"self":[{"href":"https:\/\/buy-super.com\/index.php\/wp-json\/wp\/v2\/pages\/1213","targetHints":{"allow":["GET"]}}],"collection":[{"href":"https:\/\/buy-super.com\/index.php\/wp-json\/wp\/v2\/pages"}],"about":[{"href":"https:\/\/buy-super.com\/index.php\/wp-json\/wp\/v2\/types\/page"}],"author":[{"embeddable":true,"href":"https:\/\/buy-super.com\/index.php\/wp-json\/wp\/v2\/users\/9"}],"replies":[{"embeddable":true,"href":"https:\/\/buy-super.com\/index.php\/wp-json\/wp\/v2\/comments?post=1213"}],"version-history":[{"count":37,"href":"https:\/\/buy-super.com\/index.php\/wp-json\/wp\/v2\/pages\/1213\/revisions"}],"predecessor-version":[{"id":2780,"href":"https:\/\/buy-super.com\/index.php\/wp-json\/wp\/v2\/pages\/1213\/revisions\/2780"}],"up":[{"embeddable":true,"href":"https:\/\/buy-super.com\/index.php\/wp-json\/wp\/v2\/pages\/1191"}],"wp:attachment":[{"href":"https:\/\/buy-super.com\/index.php\/wp-json\/wp\/v2\/media?parent=1213"}],"curies":[{"name":"wp","href":"https:\/\/api.w.org\/{rel}","templated":true}]}}