{"id":1183,"date":"2026-02-08T09:07:47","date_gmt":"2026-02-08T09:07:47","guid":{"rendered":"https:\/\/buy-super.com\/?page_id=1183"},"modified":"2026-02-08T09:07:47","modified_gmt":"2026-02-08T09:07:47","slug":"powersun-5500-pt-tk","status":"publish","type":"page","link":"https:\/\/buy-super.com\/index.php\/powersun-5500-pt\/powersun-5500-pt-tk\/","title":{"rendered":"PowerSun 5500 &#8211; PT &#8211; TK"},"content":{"rendered":"\t\t<div data-elementor-type=\"wp-page\" data-elementor-id=\"1183\" class=\"elementor elementor-1183\" data-elementor-post-type=\"page\">\n\t\t\t\t\t\t<section class=\"elementor-section elementor-top-section elementor-element elementor-element-7f58a49 elementor-section-boxed elementor-section-height-default elementor-section-height-default\" data-id=\"7f58a49\" data-element_type=\"section\" data-e-type=\"section\">\n\t\t\t\t\t\t<div class=\"elementor-container elementor-column-gap-default\">\n\t\t\t\t\t<div class=\"elementor-column elementor-col-100 elementor-top-column elementor-element elementor-element-a505904\" data-id=\"a505904\" data-element_type=\"column\" data-e-type=\"column\">\n\t\t\t<div class=\"elementor-widget-wrap elementor-element-populated\">\n\t\t\t\t\t\t<div class=\"elementor-element elementor-element-3be97bc elementor-widget elementor-widget-text-editor\" data-id=\"3be97bc\" data-element_type=\"widget\" data-e-type=\"widget\" data-widget_type=\"text-editor.default\">\n\t\t\t\t<div class=\"elementor-widget-container\">\n\t\t\t\t\t\t\t\t\t<h5><span style=\"color: #008000;\"><strong>OBRIGADO, A SUA ENCOMENDA FOI ENVIADA COM SUCESSO.<\/strong><\/span><\/h5>\t\t\t\t\t\t\t\t<\/div>\n\t\t\t\t<\/div>\n\t\t\t\t<div class=\"elementor-element elementor-element-b13ac65 elementor-widget elementor-widget-image\" data-id=\"b13ac65\" data-element_type=\"widget\" data-e-type=\"widget\" data-widget_type=\"image.default\">\n\t\t\t\t<div class=\"elementor-widget-container\">\n\t\t\t\t\t\t\t\t\t\t\t\t\t\t\t<img decoding=\"async\" width=\"150\" height=\"150\" src=\"https:\/\/buy-super.com\/wp-content\/uploads\/2024\/12\/3678259-triangolo-attenzione-icona-segno-giallo-gratuito-vettoriale-min-4-150x150.jpg\" class=\"attachment-thumbnail size-thumbnail wp-image-366\" alt=\"\" srcset=\"https:\/\/buy-super.com\/wp-content\/uploads\/2024\/12\/3678259-triangolo-attenzione-icona-segno-giallo-gratuito-vettoriale-min-4-150x150.jpg 150w, https:\/\/buy-super.com\/wp-content\/uploads\/2024\/12\/3678259-triangolo-attenzione-icona-segno-giallo-gratuito-vettoriale-min-4-300x300.jpg 300w, https:\/\/buy-super.com\/wp-content\/uploads\/2024\/12\/3678259-triangolo-attenzione-icona-segno-giallo-gratuito-vettoriale-min-4-1024x1024.jpg 1024w, https:\/\/buy-super.com\/wp-content\/uploads\/2024\/12\/3678259-triangolo-attenzione-icona-segno-giallo-gratuito-vettoriale-min-4-768x768.jpg 768w, https:\/\/buy-super.com\/wp-content\/uploads\/2024\/12\/3678259-triangolo-attenzione-icona-segno-giallo-gratuito-vettoriale-min-4-1536x1536.jpg 1536w, https:\/\/buy-super.com\/wp-content\/uploads\/2024\/12\/3678259-triangolo-attenzione-icona-segno-giallo-gratuito-vettoriale-min-4.jpg 1920w\" sizes=\"(max-width: 150px) 100vw, 150px\" \/>\t\t\t\t\t\t\t\t\t\t\t\t\t\t\t<\/div>\n\t\t\t\t<\/div>\n\t\t\t\t<div class=\"elementor-element elementor-element-f5b316f elementor-widget elementor-widget-text-editor\" data-id=\"f5b316f\" data-element_type=\"widget\" data-e-type=\"widget\" data-widget_type=\"text-editor.default\">\n\t\t\t\t<div class=\"elementor-widget-container\">\n\t\t\t\t\t\t\t\t\t<h5><strong style=\"color: #ff0000; font-family: inherit; font-size: 1.75rem;\">AVISO IMPORTANTE:<\/strong><\/h5>\t\t\t\t\t\t\t\t<\/div>\n\t\t\t\t<\/div>\n\t\t\t\t<div class=\"elementor-element elementor-element-1f12aab elementor-widget elementor-widget-counter\" data-id=\"1f12aab\" data-element_type=\"widget\" data-e-type=\"widget\" data-widget_type=\"counter.default\">\n\t\t\t\t<div class=\"elementor-widget-container\">\n\t\t\t\t\t\t\t<div class=\"elementor-counter\">\n\t\t\t<div class=\"elementor-counter-title\">PE\u00c7AS RESTANTES<\/div>\t\t\t<div class=\"elementor-counter-number-wrapper\">\n\t\t\t\t<span class=\"elementor-counter-number-prefix\"><\/span>\n\t\t\t\t<span class=\"elementor-counter-number\" data-duration=\"2000\" data-to-value=\"5\" data-from-value=\"138\" data-delimiter=\",\">138<\/span>\n\t\t\t\t<span class=\"elementor-counter-number-suffix\"><\/span>\n\t\t\t<\/div>\n\t\t<\/div>\n\t\t\t\t\t\t<\/div>\n\t\t\t\t<\/div>\n\t\t\t\t<div class=\"elementor-element elementor-element-306cedb elementor-widget elementor-widget-text-editor\" data-id=\"306cedb\" data-element_type=\"widget\" data-e-type=\"widget\" data-widget_type=\"text-editor.default\">\n\t\t\t\t<div class=\"elementor-widget-container\">\n\t\t\t\t\t\t\t\t\t<h4><span style=\"color: #ff0000;\"><strong>AS PE\u00c7AS S\u00c3O LIMITADAS E, SE N\u00c3O RESPONDER, ARRISCA-SE A PERDER A OPORTUNIDADE.<\/strong><\/span><\/h4><h2><span style=\"font-size: 18px;\"><b>Entraremos em contacto consigo no prazo de <span style=\"text-decoration: underline;\"><span style=\"color: #ff0000; text-decoration: underline;\">30 MINUTOS<\/span><\/span> por <u>telefone<\/u> e <u>Whatsapp<\/u> para confirmar a encomenda e os seus dados e para o ajudar se necessitar de mais informa\u00e7\u00f5es.<\/b><\/span><\/h2><h3><strong style=\"color: inherit; font-family: inherit;\"><span style=\"color: #ff0000; text-decoration-line: underline;\">Por isso, recomendamos que tenha o seu telem\u00f3vel \u00e0 m\u00e3o.<\/span><\/strong><\/h3><p><strong>Os nossos escrit\u00f3rios est\u00e3o abertos TODOS OS DIAS das 8:00 \u00e0s 21:00 horas.<\/strong><\/p><p>Se a encomenda for efectuada fora do hor\u00e1rio de expediente, ser\u00e1 contactado no dia seguinte.<\/p><p>Obrigado por nos ter escolhido \ud83d\ude42<\/p>\t\t\t\t\t\t\t\t<\/div>\n\t\t\t\t<\/div>\n\t\t\t\t\t<\/div>\n\t\t<\/div>\n\t\t\t\t\t<\/div>\n\t\t<\/section>\n\t\t\t\t<\/div>\n\t\t","protected":false},"excerpt":{"rendered":"<p>OBRIGADO, A SUA ENCOMENDA FOI ENVIADA COM SUCESSO. AVISO IMPORTANTE: PE\u00c7AS RESTANTES 138 AS PE\u00c7AS S\u00c3O LIMITADAS E, SE N\u00c3O RESPONDER, ARRISCA-SE A PERDER A OPORTUNIDADE. Entraremos em contacto consigo no prazo de 30 MINUTOS por telefone e Whatsapp para confirmar a encomenda e os seus dados e para o ajudar se necessitar de mais [&hellip;]<\/p>\n","protected":false},"author":9,"featured_media":0,"parent":1161,"menu_order":0,"comment_status":"closed","ping_status":"closed","template":"elementor_canvas","meta":{"footnotes":""},"class_list":["post-1183","page","type-page","status-publish","hentry"],"_links":{"self":[{"href":"https:\/\/buy-super.com\/index.php\/wp-json\/wp\/v2\/pages\/1183","targetHints":{"allow":["GET"]}}],"collection":[{"href":"https:\/\/buy-super.com\/index.php\/wp-json\/wp\/v2\/pages"}],"about":[{"href":"https:\/\/buy-super.com\/index.php\/wp-json\/wp\/v2\/types\/page"}],"author":[{"embeddable":true,"href":"https:\/\/buy-super.com\/index.php\/wp-json\/wp\/v2\/users\/9"}],"replies":[{"embeddable":true,"href":"https:\/\/buy-super.com\/index.php\/wp-json\/wp\/v2\/comments?post=1183"}],"version-history":[{"count":1,"href":"https:\/\/buy-super.com\/index.php\/wp-json\/wp\/v2\/pages\/1183\/revisions"}],"predecessor-version":[{"id":1184,"href":"https:\/\/buy-super.com\/index.php\/wp-json\/wp\/v2\/pages\/1183\/revisions\/1184"}],"up":[{"embeddable":true,"href":"https:\/\/buy-super.com\/index.php\/wp-json\/wp\/v2\/pages\/1161"}],"wp:attachment":[{"href":"https:\/\/buy-super.com\/index.php\/wp-json\/wp\/v2\/media?parent=1183"}],"curies":[{"name":"wp","href":"https:\/\/api.w.org\/{rel}","templated":true}]}}